{"id":28495,"date":"2023-12-06T12:33:34","date_gmt":"2023-12-06T10:33:34","guid":{"rendered":"https:\/\/cardiogal.ro\/?page_id=28495"},"modified":"2026-04-17T13:21:57","modified_gmt":"2026-04-17T11:21:57","slug":"acasa-2024","status":"publish","type":"page","link":"https:\/\/cardiogal.ro\/en\/","title":{"rendered":"Home"},"content":{"rendered":"<p>[et_pb_section fb_built=&#8221;1&#8243; fullwidth=&#8221;on&#8221; custom_padding_last_edited=&#8221;on|phone&#8221; disabled_on=&#8221;on|off|off&#8221; _builder_version=&#8221;4.19.2&#8243; background_color=&#8221;#ffffff&#8221; vertical_offset_tablet=&#8221;0&#8243; horizontal_offset_tablet=&#8221;0&#8243; custom_margin=&#8221;0px|0px|0px|0px&#8221; custom_margin_tablet=&#8221;0px|0px|0px|0px&#8221; custom_margin_phone=&#8221;0px|0px|0px|0px&#8221; custom_margin_last_edited=&#8221;on|phone&#8221; custom_padding=&#8221;0px|0px|0px|0px&#8221; custom_padding_tablet=&#8221;0px|0px|0px|0px&#8221; custom_padding_phone=&#8221;0px|0px|0px|0px&#8221; box_shadow_horizontal_tablet=&#8221;0px&#8221; box_shadow_vertical_tablet=&#8221;0px&#8221; box_shadow_blur_tablet=&#8221;40px&#8221; box_shadow_spread_tablet=&#8221;0px&#8221; global_colors_info=&#8221;{}&#8221;][et_pb_fullwidth_image src=&#8221;https:\/\/cardiogal.ro\/wp-content\/uploads\/2026\/04\/RomanaAsociatie.png&#8221; title_text=&#8221;Romana+Asociatie&#8221; _builder_version=&#8221;4.19.2&#8243; _module_preset=&#8221;default&#8221; global_colors_info=&#8221;{}&#8221;][\/et_pb_fullwidth_image][\/et_pb_section][et_pb_section fb_built=&#8221;1&#8243; custom_padding_last_edited=&#8221;on|phone&#8221; disabled_on=&#8221;off|on|on&#8221; _builder_version=&#8221;4.19.2&#8243; _module_preset=&#8221;default&#8221; background_enable_image=&#8221;off&#8221; height=&#8221;550px&#8221; custom_margin=&#8221;||0px||false|false&#8221; custom_padding=&#8221;0px||||false|false&#8221; custom_padding_tablet=&#8221;0px||||false|false&#8221; custom_padding_phone=&#8221;0px||0px||false|false&#8221; global_colors_info=&#8221;{}&#8221;][et_pb_row _builder_version=&#8221;4.19.2&#8243; _module_preset=&#8221;default&#8221; width=&#8221;100%&#8221; max_width=&#8221;1520px&#8221; custom_margin=&#8221;-31px||||false|false&#8221; global_colors_info=&#8221;{}&#8221;][et_pb_column type=&#8221;4_4&#8243; _builder_version=&#8221;4.19.2&#8243; _module_preset=&#8221;default&#8221; global_colors_info=&#8221;{}&#8221;][et_pb_image src=&#8221;https:\/\/cardiogal.ro\/wp-content\/uploads\/2026\/04\/Romanian-Portret-asociatie.png&#8221; title_text=&#8221;Romanian Portret + asociatie&#8221; align=&#8221;center&#8221; _builder_version=&#8221;4.19.2&#8243; _module_preset=&#8221;default&#8221; global_colors_info=&#8221;{}&#8221;][\/et_pb_image][\/et_pb_column][\/et_pb_row][\/et_pb_section][et_pb_section fb_built=&#8221;1&#8243; _builder_version=&#8221;4.19.2&#8243; _module_preset=&#8221;default&#8221; background_color=&#8221;#c30538&#8243; custom_padding=&#8221;||1px|||&#8221; global_colors_info=&#8221;{}&#8221;][et_pb_row column_structure=&#8221;1_2,1_2&#8243; _builder_version=&#8221;4.19.2&#8243; _module_preset=&#8221;default&#8221; width=&#8221;90%&#8221; max_width=&#8221;1300px&#8221; max_width_tablet=&#8221;1300px&#8221; max_width_phone=&#8221;1300px&#8221; max_width_last_edited=&#8221;on|phone&#8221; global_colors_info=&#8221;{}&#8221;][et_pb_column type=&#8221;1_2&#8243; _builder_version=&#8221;4.19.2&#8243; _module_preset=&#8221;default&#8221; global_colors_info=&#8221;{}&#8221;][et_pb_text _builder_version=&#8221;4.19.2&#8243; _module_preset=&#8221;default&#8221; custom_margin=&#8221;53px||||false|false&#8221; custom_margin_tablet=&#8221;53px||||false|false&#8221; custom_margin_phone=&#8221;-36px||||false|false&#8221; custom_margin_last_edited=&#8221;on|phone&#8221; global_colors_info=&#8221;{}&#8221;]<\/p>\n<h1 class=\"_04xlpA direction-ltr align-justify para-style-body\" style=\"text-align: justify;\"><span style=\"color: #ffffff;\"><strong>Dear Colleagues,<\/strong><span class=\"WdYUQQ text-decoration-none text-strikethrough-none\"><\/span><\/span><\/h1>\n<p style=\"text-align: justify;\"><span style=\"color: #ffffff;\"><strong><\/strong><\/span>\u00a0<\/p>\n<p style=\"text-align: justify;\"><span style=\"color: #ffffff;\">The third edition of <strong>CARDIOGAL Cardiology Conference<\/strong>\u00a0will take place in\u00a0<strong>between 03 \u2013 06 June 2026<\/strong>, both with ONSITE participation and ONLINE transmission of scientific papers.<\/span><\/p>\n<p style=\"text-align: justify;\"><span style=\"color: #ffffff;\">We are all part of a community dedicated to heart health, and the CARDIOGAL 2026 Conference is an important platform through which we can strengthen professional ties with numerous Romanian and foreign experts. Together with them, we will discuss the prevention, diagnosis and treatment of cardiovascular diseases, bringing together today's therapies with the research and studies that shape tomorrow's treatment.<\/span><\/p>\n<p style=\"text-align: justify;\"><span style=\"color: #ffffff;\">This year too, the event will be organized under the aegis of the Faculty of Medicine and Pharmacy of the \"Dun\u0103rea de Jos\" University in Gala\u021bi, as well as the Gala\u021bi College of Physicians, under the high patronage of the Romanian Society of Cardiology.<\/span><\/p>\n<p style=\"text-align: justify;\"><span style=\"color: #ffffff;\">We are therefore honored to invite you to join us in Gala\u021bi, taking advantage of the opportunity to meet colleagues from various specialties and discuss the prospects of this ever-changing field.<\/span><\/p>\n<p style=\"text-align: justify;\"><span style=\"color: #ffffff;\"><\/span>\u00a0\u00a0<\/p>\n<h3 class=\"_04xlpA direction-ltr align-justify para-style-body\" style=\"text-align: justify;\"><span class=\"WdYUQQ text-decoration-none text-strikethrough-none\" style=\"color: #ffffff;\">With great respect,<\/span><\/h3>\n<p>[\/et_pb_text][\/et_pb_column][et_pb_column type=&#8221;1_2&#8243; _builder_version=&#8221;4.19.2&#8243; _module_preset=&#8221;default&#8221; global_colors_info=&#8221;{}&#8221;][et_pb_image src=&#8221;https:\/\/cardiogal.ro\/wp-content\/uploads\/2026\/04\/Site-Cardiogal-1.png&#8221; title_text=&#8221;Site Cardiogal (1)&#8221; _builder_version=&#8221;4.19.2&#8243; _module_preset=&#8221;default&#8221; width=&#8221;100%&#8221; width_tablet=&#8221;100%&#8221; width_phone=&#8221;100%&#8221; width_last_edited=&#8221;on|phone&#8221; max_width=&#8221;90%&#8221; module_alignment=&#8221;center&#8221; min_height_tablet=&#8221;&#8221; min_height_phone=&#8221;&#8221; min_height_last_edited=&#8221;on|phone&#8221; max_height=&#8221;932px&#8221; custom_padding=&#8221;|||0px|false|false&#8221; hover_enabled=&#8221;0&#8243; global_colors_info=&#8221;{}&#8221; sticky_enabled=&#8221;0&#8243;][\/et_pb_image][\/et_pb_column][\/et_pb_row][\/et_pb_section][et_pb_section fb_built=&#8221;1&#8243; _builder_version=&#8221;4.19.2&#8243; _module_preset=&#8221;default&#8221; background_color=&#8221;#f8f7f2&#8243; global_colors_info=&#8221;{}&#8221;][et_pb_row column_structure=&#8221;1_5,1_5,1_5,1_5,1_5&#8243; _builder_version=&#8221;4.19.2&#8243; _module_preset=&#8221;default&#8221; width=&#8221;91%&#8221; max_width=&#8221;1556px&#8221; global_colors_info=&#8221;{}&#8221;][et_pb_column type=&#8221;1_5&#8243; _builder_version=&#8221;4.19.2&#8243; _module_preset=&#8221;default&#8221; global_colors_info=&#8221;{}&#8221;][et_pb_text _builder_version=&#8221;4.19.2&#8243; _module_preset=&#8221;default&#8221; height=&#8221;40px&#8221; global_colors_info=&#8221;{}&#8221;]<\/p>\n<h2 style=\"text-align: center;\"><strong>Registration<\/strong><\/h2>\n<p>[\/et_pb_text][et_pb_image src=&#8221;https:\/\/cardiogal.ro\/wp-content\/uploads\/2025\/07\/10-2.png&#8221; title_text=&#8221;10&#8243; url=&#8221;http:\/\/cardiogal.ro\/inregistrare&#8221; _builder_version=&#8221;4.19.2&#8243; _module_preset=&#8221;default&#8221; width_tablet=&#8221;&#8221; width_phone=&#8221;61%&#8221; width_last_edited=&#8221;on|phone&#8221; module_alignment=&#8221;center&#8221; custom_margin=&#8221;-33px||||false|false&#8221; custom_margin_tablet=&#8221;-33px||||false|false&#8221; custom_margin_phone=&#8221;-50px||||false|false&#8221; custom_margin_last_edited=&#8221;on|phone&#8221; global_colors_info=&#8221;{}&#8221;][\/et_pb_image][et_pb_button button_url=&#8221;http:\/\/cardiogal.ro\/inregistrare&#8221; button_text=&#8221;Click Aici!&#8221; button_alignment=&#8221;center&#8221; _builder_version=&#8221;4.19.2&#8243; _module_preset=&#8221;default&#8221; custom_button=&#8221;on&#8221; button_border_width=&#8221;2px&#8221; button_border_color=&#8221;#565656&#8243; button_border_radius=&#8221;84px&#8221; custom_margin=&#8221;-26px||||false|false&#8221; custom_margin_tablet=&#8221;-26px||||false|false&#8221; custom_margin_phone=&#8221;-46px||||false|false&#8221; custom_margin_last_edited=&#8221;on|phone&#8221; global_colors_info=&#8221;{}&#8221;][\/et_pb_button][\/et_pb_column][et_pb_column type=&#8221;1_5&#8243; _builder_version=&#8221;4.19.2&#8243; _module_preset=&#8221;default&#8221; global_colors_info=&#8221;{}&#8221;][et_pb_text _builder_version=&#8221;4.19.2&#8243; _module_preset=&#8221;default&#8221; height=&#8221;40px&#8221; custom_margin_tablet=&#8221;&#8221; custom_margin_phone=&#8221;59px||||false|false&#8221; custom_margin_last_edited=&#8221;on|phone&#8221; global_colors_info=&#8221;{}&#8221;]<\/p>\n<h2 style=\"text-align: center;\"><strong>General Info<\/strong><\/h2>\n<p>[\/et_pb_text][et_pb_image src=&#8221;https:\/\/cardiogal.ro\/wp-content\/uploads\/2025\/07\/12-2.png&#8221; title_text=&#8221;12&#8243; url=&#8221;http:\/\/cardiogal.ro\/informatii-generale&#8221; _builder_version=&#8221;4.19.2&#8243; _module_preset=&#8221;default&#8221; width_tablet=&#8221;&#8221; width_phone=&#8221;61%&#8221; width_last_edited=&#8221;on|phone&#8221; module_alignment=&#8221;center&#8221; custom_margin=&#8221;-33px||||false|false&#8221; custom_margin_tablet=&#8221;-33px||||false|false&#8221; custom_margin_phone=&#8221;-50px||||false|false&#8221; custom_margin_last_edited=&#8221;on|phone&#8221; global_colors_info=&#8221;{}&#8221;][\/et_pb_image][et_pb_button button_url=&#8221;http:\/\/cardiogal.ro\/informatii-generale&#8221; button_text=&#8221;Click Aici!&#8221; button_alignment=&#8221;center&#8221; _builder_version=&#8221;4.19.2&#8243; _module_preset=&#8221;default&#8221; custom_button=&#8221;on&#8221; button_border_width=&#8221;2px&#8221; button_border_color=&#8221;#565656&#8243; button_border_radius=&#8221;84px&#8221; custom_margin=&#8221;-26px||||false|false&#8221; custom_margin_tablet=&#8221;-26px||||false|false&#8221; custom_margin_phone=&#8221;-46px||||false|false&#8221; custom_margin_last_edited=&#8221;on|phone&#8221; global_colors_info=&#8221;{}&#8221;][\/et_pb_button][\/et_pb_column][et_pb_column type=&#8221;1_5&#8243; _builder_version=&#8221;4.19.2&#8243; _module_preset=&#8221;default&#8221; global_colors_info=&#8221;{}&#8221;][et_pb_text _builder_version=&#8221;4.19.2&#8243; _module_preset=&#8221;default&#8221; height=&#8221;40px&#8221; custom_margin_tablet=&#8221;&#8221; custom_margin_phone=&#8221;59px||||false|false&#8221; custom_margin_last_edited=&#8221;on|phone&#8221; global_colors_info=&#8221;{}&#8221;]<\/p>\n<h2 style=\"text-align: center;\"><strong>Partners<\/strong><\/h2>\n<p>[\/et_pb_text][et_pb_image src=&#8221;https:\/\/cardiogal.ro\/wp-content\/uploads\/2025\/07\/13-2.png&#8221; title_text=&#8221;13&#8243; url=&#8221;http:\/\/cardiogal.ro\/parteneri&#8221; _builder_version=&#8221;4.19.2&#8243; _module_preset=&#8221;default&#8221; width_tablet=&#8221;&#8221; width_phone=&#8221;61%&#8221; width_last_edited=&#8221;on|phone&#8221; module_alignment=&#8221;center&#8221; custom_margin=&#8221;-33px||||false|false&#8221; custom_margin_tablet=&#8221;-33px||||false|false&#8221; custom_margin_phone=&#8221;-50px||||false|false&#8221; custom_margin_last_edited=&#8221;on|phone&#8221; global_colors_info=&#8221;{}&#8221;][\/et_pb_image][et_pb_button button_url=&#8221;http:\/\/cardiogal.ro\/parteneri&#8221; button_text=&#8221;Click Aici!&#8221; button_alignment=&#8221;center&#8221; _builder_version=&#8221;4.19.2&#8243; _module_preset=&#8221;default&#8221; custom_button=&#8221;on&#8221; button_border_width=&#8221;2px&#8221; button_border_color=&#8221;#565656&#8243; button_border_radius=&#8221;84px&#8221; custom_margin=&#8221;-26px||||false|false&#8221; custom_margin_tablet=&#8221;-26px||||false|false&#8221; custom_margin_phone=&#8221;-46px||||false|false&#8221; custom_margin_last_edited=&#8221;on|phone&#8221; global_colors_info=&#8221;{}&#8221;][\/et_pb_button][\/et_pb_column][et_pb_column type=&#8221;1_5&#8243; _builder_version=&#8221;4.19.2&#8243; _module_preset=&#8221;default&#8221; global_colors_info=&#8221;{}&#8221;][et_pb_text _builder_version=&#8221;4.19.2&#8243; _module_preset=&#8221;default&#8221; height=&#8221;40px&#8221; global_colors_info=&#8221;{}&#8221;]<\/p>\n<h2 style=\"text-align: center;\"><strong>Scientific Program<\/strong><\/h2>\n<p>[\/et_pb_text][et_pb_image src=&#8221;https:\/\/cardiogal.ro\/wp-content\/uploads\/2025\/07\/14.png&#8221; title_text=&#8221;14&#8243; url=&#8221;http:\/\/cardiogal.ro\/program-stiintific&#8221; _builder_version=&#8221;4.19.2&#8243; _module_preset=&#8221;default&#8221; width_tablet=&#8221;&#8221; width_phone=&#8221;61%&#8221; width_last_edited=&#8221;on|phone&#8221; module_alignment=&#8221;center&#8221; custom_margin=&#8221;-33px||||false|false&#8221; custom_margin_tablet=&#8221;-33px||||false|false&#8221; custom_margin_phone=&#8221;-50px||||false|false&#8221; custom_margin_last_edited=&#8221;on|phone&#8221; global_colors_info=&#8221;{}&#8221;][\/et_pb_image][et_pb_button button_url=&#8221;http:\/\/cardiogal.ro\/program-stiintific&#8221; button_text=&#8221;Click Aici!&#8221; button_alignment=&#8221;center&#8221; _builder_version=&#8221;4.19.2&#8243; _module_preset=&#8221;default&#8221; custom_button=&#8221;on&#8221; button_border_width=&#8221;2px&#8221; button_border_color=&#8221;#565656&#8243; button_border_radius=&#8221;84px&#8221; custom_margin=&#8221;-26px||||false|false&#8221; custom_margin_tablet=&#8221;-26px||||false|false&#8221; custom_margin_phone=&#8221;-46px||||false|false&#8221; custom_margin_last_edited=&#8221;on|phone&#8221; global_colors_info=&#8221;{}&#8221;][\/et_pb_button][\/et_pb_column][et_pb_column type=&#8221;1_5&#8243; _builder_version=&#8221;4.19.2&#8243; _module_preset=&#8221;default&#8221; global_colors_info=&#8221;{}&#8221;][et_pb_text _builder_version=&#8221;4.19.2&#8243; _module_preset=&#8221;default&#8221; height=&#8221;40px&#8221; custom_margin_tablet=&#8221;&#8221; custom_margin_phone=&#8221;59px||||false|false&#8221; custom_margin_last_edited=&#8221;on|phone&#8221; global_colors_info=&#8221;{}&#8221;]<\/p>\n<h2 style=\"text-align: center;\"><strong>Invited Speakers<\/strong><\/h2>\n<p>[\/et_pb_text][et_pb_image src=&#8221;https:\/\/cardiogal.ro\/wp-content\/uploads\/2025\/07\/11-2.png&#8221; title_text=&#8221;11&#8243; url=&#8221;http:\/\/cardiogal.ro\/lectori-invitati&#8221; _builder_version=&#8221;4.19.2&#8243; _module_preset=&#8221;default&#8221; width_tablet=&#8221;&#8221; width_phone=&#8221;61%&#8221; width_last_edited=&#8221;on|phone&#8221; module_alignment=&#8221;center&#8221; custom_margin=&#8221;-33px||||false|false&#8221; custom_margin_tablet=&#8221;-33px||||false|false&#8221; custom_margin_phone=&#8221;-50px||||false|false&#8221; custom_margin_last_edited=&#8221;on|phone&#8221; global_colors_info=&#8221;{}&#8221;][\/et_pb_image][et_pb_button button_url=&#8221;http:\/\/cardiogal.ro\/lectori-invitati&#8221; button_text=&#8221;Click Aici!&#8221; button_alignment=&#8221;center&#8221; _builder_version=&#8221;4.19.2&#8243; _module_preset=&#8221;default&#8221; custom_button=&#8221;on&#8221; button_border_width=&#8221;2px&#8221; button_border_color=&#8221;#565656&#8243; button_border_radius=&#8221;84px&#8221; custom_margin=&#8221;-26px||||false|false&#8221; custom_margin_tablet=&#8221;-26px||||false|false&#8221; custom_margin_phone=&#8221;-46px||||false|false&#8221; custom_margin_last_edited=&#8221;on|phone&#8221; global_colors_info=&#8221;{}&#8221;][\/et_pb_button][\/et_pb_column][\/et_pb_row][\/et_pb_section][et_pb_section fb_built=&#8221;1&#8243; _builder_version=&#8221;4.19.2&#8243; _module_preset=&#8221;default&#8221; background_color=&#8221;#f74777&#8243; use_background_color_gradient=&#8221;on&#8221; background_color_gradient_direction=&#8221;276deg&#8221; background_color_gradient_stops=&#8221;#672b9c 0%|#b0309e 100%&#8221; background_image=&#8221;https:\/\/cardiogal.ro\/wp-content\/uploads\/2025\/07\/Artboard-1-4.png&#8221; global_colors_info=&#8221;{}&#8221;][et_pb_row _builder_version=&#8221;4.19.2&#8243; _module_preset=&#8221;default&#8221; max_width=&#8221;1306px&#8221; global_colors_info=&#8221;{}&#8221;][et_pb_column type=&#8221;4_4&#8243; _builder_version=&#8221;4.19.2&#8243; _module_preset=&#8221;default&#8221; global_colors_info=&#8221;{}&#8221;][et_pb_countdown_timer title=&#8221;Cardiogal 2026 \u00eencepe \u00een:&#8221; date_time=&#8221;2026-06-04 12:20&#8243; _builder_version=&#8221;4.19.2&#8243; _module_preset=&#8221;default&#8221; use_background_color=&#8221;off&#8221; global_colors_info=&#8221;{}&#8221;][\/et_pb_countdown_timer][\/et_pb_column][\/et_pb_row][\/et_pb_section][et_pb_section fb_built=&#8221;1&#8243; _builder_version=&#8221;4.19.2&#8243; _module_preset=&#8221;default&#8221; background_color=&#8221;#f8f7f2&#8243; global_colors_info=&#8221;{}&#8221;][et_pb_row _builder_version=&#8221;4.19.2&#8243; _module_preset=&#8221;default&#8221; global_colors_info=&#8221;{}&#8221;][et_pb_column type=&#8221;4_4&#8243; _builder_version=&#8221;4.19.2&#8243; _module_preset=&#8221;default&#8221; global_colors_info=&#8221;{}&#8221;][et_pb_text _builder_version=&#8221;4.19.2&#8243; _module_preset=&#8221;default&#8221; custom_margin=&#8221;-12px||||false|false&#8221; global_colors_info=&#8221;{}&#8221;]<\/p>\n<h4 style=\"text-align: center;\">Our partnership packages are designed for maximum reach and visibility.<\/h4>\n<h4 style=\"text-align: center;\"><\/h4>\n<h4 style=\"text-align: center;\">Sponsoring our Conference is the best way to show your leadership in the field of cardiology.<\/h4>\n<p>[\/et_pb_text][et_pb_button button_url=&#8221;https:\/\/cardiogal.ro\/parteneri\/#devino-partener&#8221; button_text=&#8221;Devino Partener&#8221; button_alignment=&#8221;center&#8221; _builder_version=&#8221;4.19.2&#8243; _module_preset=&#8221;default&#8221; custom_button=&#8221;on&#8221; button_border_width=&#8221;2px&#8221; button_border_color=&#8221;#565656&#8243; button_border_radius=&#8221;84px&#8221; custom_margin=&#8221;12px||-20px||false|false&#8221; custom_margin_tablet=&#8221;-26px||||false|false&#8221; custom_margin_phone=&#8221;-14px||||false|false&#8221; custom_margin_last_edited=&#8221;on|desktop&#8221; global_colors_info=&#8221;{}&#8221;][\/et_pb_button][\/et_pb_column][\/et_pb_row][\/et_pb_section][et_pb_section fb_built=&#8221;1&#8243; disabled_on=&#8221;off|off|off&#8221; _builder_version=&#8221;4.19.2&#8243; background_color=&#8221;#2b2b2b&#8221; custom_margin=&#8221;||0px||false|false&#8221; custom_padding=&#8221;10px||0px||false|false&#8221; global_module=&#8221;25778&#8243; saved_tabs=&#8221;all&#8221; global_colors_info=&#8221;{}&#8221;][et_pb_row _builder_version=&#8221;4.16&#8243; _module_preset=&#8221;default&#8221; custom_padding=&#8221;0px||0px||false|false&#8221; global_colors_info=&#8221;{}&#8221;][et_pb_column type=&#8221;4_4&#8243; _builder_version=&#8221;4.16&#8243; _module_preset=&#8221;default&#8221; global_colors_info=&#8221;{}&#8221;][et_pb_text _builder_version=&#8221;4.16&#8243; _module_preset=&#8221;default&#8221; custom_margin=&#8221;||0px||false|false&#8221; global_colors_info=&#8221;{}&#8221;]<\/p>\n<p style=\"text-align: center;\"><span style=\"color: #ffffff;\"><strong>PROFESSIONAL CONGRESS ORGANIZER<\/strong><\/span><\/p>\n<p>[\/et_pb_text][et_pb_image src=&#8221;https:\/\/cardiogal.ro\/wp-content\/uploads\/2022\/12\/ZSCR-2023-telefon-1-e1668249163180.png&#8221; title_text=&#8221;ZSCR 2023 telefon (1)&#8221; url=&#8221;https:\/\/focusevent.ro\/&#8221; align=&#8221;center&#8221; _builder_version=&#8221;4.19.2&#8243; _module_preset=&#8221;default&#8221; custom_margin=&#8221;0px||||false|false&#8221; global_colors_info=&#8221;{}&#8221;][\/et_pb_image][\/et_pb_column][\/et_pb_row][et_pb_row column_structure=&#8221;1_4,1_4,1_4,1_4&#8243; _builder_version=&#8221;4.16&#8243; _module_preset=&#8221;default&#8221; global_colors_info=&#8221;{}&#8221;][et_pb_column type=&#8221;1_4&#8243; _builder_version=&#8221;4.16&#8243; _module_preset=&#8221;default&#8221; global_colors_info=&#8221;{}&#8221;][et_pb_text _builder_version=&#8221;4.19.2&#8243; _module_preset=&#8221;default&#8221; link_option_url=&#8221;https:\/\/focusevent.ro\/contact\/&#8221; global_colors_info=&#8221;{}&#8221;]<\/p>\n<p style=\"text-align: center;\"><span style=\"text-decoration: underline;\"><span style=\"color: #ffffff;\"><a href=\"https:\/\/focusevent.ro\/contact\/\" style=\"color: #ffffff; text-decoration: underline;\">\u00a0Contact\u00a0<\/a><\/span><\/span><\/p>\n<p>[\/et_pb_text][\/et_pb_column][et_pb_column type=&#8221;1_4&#8243; _builder_version=&#8221;4.16&#8243; _module_preset=&#8221;default&#8221; global_colors_info=&#8221;{}&#8221;][et_pb_text _builder_version=&#8221;4.19.2&#8243; _module_preset=&#8221;default&#8221; global_colors_info=&#8221;{}&#8221;]<\/p>\n<p style=\"text-align: center;\"><a href=\"\/en\/cardiogal.ro\/confidentialitate\/\"><span style=\"color: #ffffff;\"><u>Privacy<\/u><\/span><\/a><\/p>\n<p>[\/et_pb_text][\/et_pb_column][et_pb_column type=&#8221;1_4&#8243; _builder_version=&#8221;4.16&#8243; _module_preset=&#8221;default&#8221; global_colors_info=&#8221;{}&#8221;][et_pb_text _builder_version=&#8221;4.19.2&#8243; _module_preset=&#8221;default&#8221; global_colors_info=&#8221;{}&#8221;]<\/p>\n<p style=\"text-align: center;\"><span style=\"text-decoration: underline;\"><span style=\"color: #ffffff;\"><a href=\"https:\/\/cardiogal.ro\/en\/termenisiconditii\/\" style=\"color: #ffffff; text-decoration: underline;\">General Terms and Conditions\u00a0<\/a><\/span><\/span><\/p>\n<p>[\/et_pb_text][\/et_pb_column][et_pb_column type=&#8221;1_4&#8243; _builder_version=&#8221;4.16&#8243; _module_preset=&#8221;default&#8221; global_colors_info=&#8221;{}&#8221;][et_pb_text _builder_version=&#8221;4.19.2&#8243; _module_preset=&#8221;default&#8221; global_colors_info=&#8221;{}&#8221;]<\/p>\n<p style=\"text-align: center;\"><span style=\"text-decoration: underline;\"><a href=\"\/en\/cardiogal.ro\/editii-anterioare\/\"><span style=\"color: #ffffff;\">Previous editions<\/span><\/a><\/span><\/p>\n<p>[\/et_pb_text][\/et_pb_column][\/et_pb_row][\/et_pb_section]<\/p>","protected":false},"excerpt":{"rendered":"<p>Dragi Colegi, \u00a0 Cea de-a treia edi\u021bie a Conferin\u021bei de Cardiologie CARDIOGAL\u00a0se va desf\u0103\u0219ura la\u00a0Gala\u021bi \u00een perioada 03 &#8211; 06 Iunie 2026, at\u00e2t cu participare FIZIC\u0102, c\u00e2t \u0219i cu transmisia ONLINE a lucr\u0103rilor \u0219tiin\u021bifice. Suntem cu to\u021bii parte a unei comunit\u0103\u021bi dedicate s\u0103n\u0103t\u0103\u021bii inimii, iar Conferin\u021ba CARDIOGAL 2026 reprezint\u0103 o platform\u0103 important\u0103, prin intermediul c\u0103reia [&hellip;]<\/p>","protected":false},"author":1,"featured_media":0,"parent":0,"menu_order":0,"comment_status":"closed","ping_status":"closed","template":"","meta":{"_et_pb_use_builder":"on","_et_pb_old_content":"","_et_gb_content_width":""},"_links":{"self":[{"href":"https:\/\/cardiogal.ro\/en\/wp-json\/wp\/v2\/pages\/28495"}],"collection":[{"href":"https:\/\/cardiogal.ro\/en\/wp-json\/wp\/v2\/pages"}],"about":[{"href":"https:\/\/cardiogal.ro\/en\/wp-json\/wp\/v2\/types\/page"}],"author":[{"embeddable":true,"href":"https:\/\/cardiogal.ro\/en\/wp-json\/wp\/v2\/users\/1"}],"replies":[{"embeddable":true,"href":"https:\/\/cardiogal.ro\/en\/wp-json\/wp\/v2\/comments?post=28495"}],"version-history":[{"count":244,"href":"https:\/\/cardiogal.ro\/en\/wp-json\/wp\/v2\/pages\/28495\/revisions"}],"predecessor-version":[{"id":30429,"href":"https:\/\/cardiogal.ro\/en\/wp-json\/wp\/v2\/pages\/28495\/revisions\/30429"}],"wp:attachment":[{"href":"https:\/\/cardiogal.ro\/en\/wp-json\/wp\/v2\/media?parent=28495"}],"curies":[{"name":"wp","href":"https:\/\/api.w.org\/{rel}","templated":true}]}}