{"id":28523,"date":"2023-12-07T14:48:26","date_gmt":"2023-12-07T12:48:26","guid":{"rendered":"https:\/\/cardiogal.ro\/?page_id=28523"},"modified":"2024-07-05T08:30:08","modified_gmt":"2024-07-05T06:30:08","slug":"instructiuni-rezumate","status":"publish","type":"page","link":"https:\/\/cardiogal.ro\/en\/instructiuni-rezumate\/","title":{"rendered":"Instruc\u021biuni pentru transmiterea rezumatelor 2024"},"content":{"rendered":"<p>[et_pb_section fb_built=&#8221;1&#8243; _builder_version=&#8221;4.19.1&#8243; background_color=&#8221;#f2f2f2&#8243; custom_padding=&#8221;0px||||false|false&#8221; global_colors_info=&#8221;{}&#8221;][et_pb_row custom_padding_last_edited=&#8221;on|desktop&#8221; _builder_version=&#8221;4.19.2&#8243; _module_preset=&#8221;default&#8221; background_color=&#8221;#FFFFFF&#8221; width=&#8221;100%&#8221; max_width=&#8221;1813px&#8221; module_alignment=&#8221;center&#8221; custom_margin=&#8221;0px||5px||false|false&#8221; custom_margin_tablet=&#8221;||5px||false|false&#8221; custom_margin_phone=&#8221;||5px||false|false&#8221; custom_margin_last_edited=&#8221;on|tablet&#8221; custom_padding=&#8221;20px||0px||false|false&#8221; custom_padding_tablet=&#8221;44px||0px||false|false&#8221; custom_padding_phone=&#8221;5px|15px|5px|15px|false|false&#8221; animation_style=&#8221;fade&#8221; border_width_bottom=&#8221;9px&#8221; border_color_bottom=&#8221;#f4f4f4&#8243; global_colors_info=&#8221;{}&#8221;][et_pb_column type=&#8221;4_4&#8243; _builder_version=&#8221;4.16&#8243; _module_preset=&#8221;default&#8221; global_colors_info=&#8221;{}&#8221;][et_pb_text disabled_on=&#8221;off|off|off&#8221; _builder_version=&#8221;4.19.2&#8243; _module_preset=&#8221;default&#8221; text_font=&#8221;Poppins||||||||&#8221; width=&#8221;100%&#8221; custom_margin_tablet=&#8221;&#8221; custom_margin_phone=&#8221;&#8221; custom_margin_last_edited=&#8221;on|phone&#8221; custom_padding=&#8221;10px|25px||26px|false|false&#8221; header_line_height_tablet=&#8221;&#8221; header_line_height_phone=&#8221;1.3em&#8221; header_line_height_last_edited=&#8221;on|phone&#8221; header_3_font_size_tablet=&#8221;&#8221; header_3_font_size_phone=&#8221;16px&#8221; header_3_font_size_last_edited=&#8221;on|phone&#8221; header_3_line_height_tablet=&#8221;&#8221; header_3_line_height_phone=&#8221;1.3em&#8221; header_3_line_height_last_edited=&#8221;on|phone&#8221; global_colors_info=&#8221;{}&#8221;]<\/p>\n<h1 style=\"text-align: left;\"><span style=\"color: #e60549;\"><strong>Instruc\u021biuni rezumate<\/strong><\/span><\/h1>\n<h4 style=\"text-align: center;\"><\/h4>\n<h3><strong><span style=\"color: #000000;\">CARDIOGAL 2024<br \/>\n<\/span><\/strong><\/h3>\n<p>[\/et_pb_text][\/et_pb_column][\/et_pb_row][et_pb_row disabled_on=&#8221;off|off|off&#8221; _builder_version=&#8221;4.19.1&#8243; background_color=&#8221;#FFFFFF&#8221; width=&#8221;100%&#8221; max_width=&#8221;1344px&#8221; custom_padding=&#8221;0px|||&#8221; global_colors_info=&#8221;{}&#8221;][et_pb_column type=&#8221;4_4&#8243; _builder_version=&#8221;4.16&#8243; custom_padding=&#8221;|||&#8221; global_colors_info=&#8221;{}&#8221; custom_padding__hover=&#8221;|||&#8221;][et_pb_text disabled_on=&#8221;off|off|off&#8221; _builder_version=&#8221;4.19.2&#8243; text_font=&#8221;Poppins||||||||&#8221; text_text_color=&#8221;#666666&#8243; header_text_color=&#8221;#0c71c3&#8243; header_3_text_color=&#8221;#0c71c3&#8243; header_4_text_color=&#8221;#e02b20&#8243; custom_margin=&#8221;20px||||false|false&#8221; custom_padding=&#8221;0px|25px||25px|false|false&#8221; global_colors_info=&#8221;{}&#8221;]<\/p>\n<h3><span style=\"color: #666666;\"><strong>IMPORTANT DATES<\/strong><\/span><\/h3>\n<p><span style=\"color: #666666;\">\u00a0<\/span><\/p>\n<table class=\"ce-table\">\n<tbody>\n<tr>\n<td style=\"text-align: left;\"><span style=\"color: #666666;\">Abstract Submission opens<\/span><\/td>\n<td style=\"text-align: right;\"><span style=\"color: #666666;\">1 Iulie 2024<\/span><\/td>\n<\/tr>\n<\/tbody>\n<\/table>\n<table class=\"ce-table\">\n<tbody>\n<tr>\n<td style=\"text-align: left;\"><span style=\"color: #666666;\">Abstract Submission deadline<\/span><\/td>\n<td style=\"text-align: right;\"><span style=\"color: #666666;\">15 Septembrie 2024<\/span><\/td>\n<\/tr>\n<\/tbody>\n<\/table>\n<table class=\"ce-table\" style=\"float: left;\">\n<tbody>\n<tr>\n<td><span style=\"color: #666666;\">Notification of abstract acceptance\/rejection<\/span><\/td>\n<td style=\"text-align: right;\"><span style=\"color: #666666;\">Ultima decad\u0103 a lunii septembrie 2024<\/span><\/td>\n<\/tr>\n<\/tbody>\n<\/table>\n<table class=\"ce-table\">\n<tbody>\n<tr>\n<td style=\"text-align: left;\"><span style=\"color: #666666;\">Desf\u0103\u015furare Conferin<span style=\"font-size: small; font-family: inherit;\">\u021b<\/span><span style=\"font-size: small; font-family: inherit;\">a de Cardiologie CARDIOGAL 2024<\/span><\/span><\/td>\n<td style=\"text-align: right;\"><span style=\"color: #666666;\">10-12 Octombrie 2024<\/span><\/td>\n<\/tr>\n<\/tbody>\n<\/table>\n<p>[\/et_pb_text][\/et_pb_column][\/et_pb_row][et_pb_row _builder_version=&#8221;4.19.1&#8243; background_color=&#8221;#FFFFFF&#8221; background_size=&#8221;initial&#8221; background_position=&#8221;top_left&#8221; background_repeat=&#8221;repeat&#8221; width=&#8221;100%&#8221; max_width=&#8221;1344px&#8221; global_colors_info=&#8221;{}&#8221;][et_pb_column type=&#8221;4_4&#8243; _builder_version=&#8221;4.16&#8243; custom_padding=&#8221;|||&#8221; global_colors_info=&#8221;{}&#8221; custom_padding__hover=&#8221;|||&#8221;][et_pb_text disabled_on=&#8221;off|off|off&#8221; _builder_version=&#8221;4.19.2&#8243; text_font=&#8221;Poppins||||||||&#8221; header_text_color=&#8221;#0c71c3&#8243; header_3_text_color=&#8221;#0c71c3&#8243; header_4_text_color=&#8221;#e02b20&#8243; custom_padding=&#8221;|25px||25px|false|false&#8221; global_colors_info=&#8221;{}&#8221;]<\/p>\n<h3><span style=\"color: #000000;\"><strong>IAF 2021: Guidelines for Abstract Submission<\/strong><\/span><\/h3>\n<ol>\n<li>Abstracts must be submitted via <span style=\"color: #e60549;\"><a href=\"https:\/\/cardiogal.ro\/en\/myabstract\/\" style=\"color: #e60549;\"><strong>myAbstract<\/strong><\/a> <\/span>(online abstract submission services). Abstracts sent by fax or email will not be accepted.<\/li>\n<li>Rezumatele trebuie trimise \u0219i prezentate \u00een limba rom\u00e2n\u0103.<\/li>\n<li>Termenul limit\u0103 de depunere este <strong>duminic\u0103, 15 septembrie 2024, orele 24.00<\/strong>. Nu va mai fi posibil\u0103 nicio prelungire. Rezumatele ar trebui s\u0103 con\u021bin\u0103 informa\u021bii noi \u0219i originale, care nu au fost publicate \u00een alt\u0103 parte \u00eenainte de 10 Octombrie 2024.<\/li>\n<li>Authors are asked to comply with the rules for editing abstracts. Abstracts that do not comply with these editing rules will not be accepted.<\/li>\n<li>Pentru ca trimiterea rezumatului s\u0103 fie validat\u0103, primul autor trebuie s\u0103 \u00eendeplineasc\u0103 formalit\u0103\u021bile de \u00eenregistrare \u0219i s\u0103 pl\u0103teasc\u0103 taxa de participare la eveniment; lectorii invita\u021bi sunt excepta\u021bi de la aceast\u0103 condi\u021bie.<\/li>\n<li>Prezentarea rezumatului este angajamentul formal al autorului cu privire la prezentarea materialului \u00een forma, sesiunea \u0219i timpul stabilite de Comitetul \u0219tiin\u021bific. Orice modificare a inten\u021biilor autorului cu privire la aceast\u0103 prezentare trebuie trimis\u0103 \u00een scris operatorului Conferin\u021bei, SC Focus Event SRL, complet\u00e2nd <span style=\"color: #e60549;\"><strong><a href=\"https:\/\/focusevent.ro\/contact\/\" style=\"color: #e60549;\">formularul de contact. <\/a><\/strong><\/span>Dac\u0103 autorul original nu poate sus\u021bine prezentarea rezumatului, este de datoria sa s\u0103 se asigure c\u0103 unul dintre coautori va prelua acest rol. Taxa de participare pl\u0103tit\u0103 de autorul original nu va fi anulat\u0103 \/ returnat\u0103, dar va fi validat\u0103 pentru \u00eenlocuitorul s\u0103u.<\/li>\n<li>Authors should include their presentation preference: virtual oral or poster. The Scientific Committee will decide the final method of presentation<\/li>\n<li>Dup\u0103 trimiterea rezumatului dvs., ve\u021bi primi un e-mail de confirmare cu titlul rezumatului transmis. Dac\u0103 nu primi\u021bi o confirmare prin e-mail, v\u0103 rug\u0103m s\u0103 completa\u021bi <span style=\"color: #e60549;\"><strong><a href=\"https:\/\/focusevent.ro\/contact\/\" style=\"color: #e60549;\">formularul de contact. <\/a><\/strong><\/span>Autorul care transmite rezumatul este responsabil pentru informarea celorlal\u021bi autori cu privire la statusul rezumatului.<\/li>\n<\/ol>\n<p>&nbsp;<\/p>\n<p>[\/et_pb_text][et_pb_text _builder_version=&#8221;4.19.2&#8243; text_font=&#8221;Poppins||||||||&#8221; header_text_color=&#8221;#0c71c3&#8243; header_3_text_color=&#8221;#0c71c3&#8243; header_4_text_color=&#8221;#e02b20&#8243; custom_padding=&#8221;|25px||25px|false|false&#8221; global_colors_info=&#8221;{}&#8221;]<\/p>\n<h3><span style=\"color: #000000;\"><strong>IAF 2021: Guidelines for Abstract Editing<\/strong><\/span><\/h3>\n<p>&nbsp;<\/p>\n<p><strong>ABSTRACT INFORMATION<\/strong><\/p>\n<p><strong>Title<\/strong><\/p>\n<p>A maximum of 200 characters, including spaces, typed in lower-case letters, except for abbreviations and study names.<\/p>\n<p><strong>Funding acknowledgements<\/strong><\/p>\n<p>If your research has been granted any commercial or institutional support, you will be asked to list these under Disclosures in the submission process. Please prepare a one-sentence statement for this purpose.<\/p>\n<p>&nbsp;<\/p>\n<p><strong>ABSTRACT AUTHORS AND INSTITUTIONS\u00a0<\/strong><\/p>\n<p><strong>Authors\u2019 list<\/strong><\/p>\n<p>Your abstract must list at least one author in order to be submitted. Please note that the first author should be the abstract presenter by default.<\/p>\n<p><strong>Affiliated Institutions<\/strong><\/p>\n<p>This is a mandatory step. You may fill up to two institutions for each author.<\/p>\n<p>&nbsp;<\/p>\n<p><strong>ABSTRACT CONTENT<\/strong><\/p>\n<p>Abstracts submitted on animal studies must comply with the Directive2010\/63\/EU.<\/p>\n<p>Any medical research involving human subjects must conform to the principles of the Declaration of Helsinki of the World Medical Association. We remind you that the patient\u2019s photo should not be used, and the patient must never be identifiable in your presentation.<\/p>\n<p>The abstract will be structured using the following headings:<\/p>\n<p>o Introduction<\/p>\n<p>o Methods<\/p>\n<p>o Results<\/p>\n<p>o Conclusion<\/p>\n<p>The maximum abstract length is 300 words.<\/p>\n<p>Do not include in your abstract:<\/p>\n<ul>\n<li>Tables or figures.<\/li>\n<li>The use of commercial drug names, brands and registered trademarks is strictly prohibited. Instead, use generic drug names. Drugs should be referred to by their active substances or pharmacological designations.<\/li>\n<li>Company names and locations.<\/li>\n<li>Websites and email addresses.<\/li>\n<li>The grading and selection process is blind. The title and body text must not contain identifying features such as: Names (authors or others), Names of the institutes (hospitals, medical schools, clinics\u2026), Cities.<\/li>\n<\/ul>\n<p>Do not include grant acknowledgements in the abstract content. Use the appropriate field.<\/p>\n<p>Limit the use of acronyms and abbreviations. Define at first use with an acronym or abbreviation in parentheses.<\/p>\n<p><strong>Abstract grading \/ results<\/strong><\/p>\n<p>All abstracts are blind and will be reviewed by the members of the Scientific Committee of the Congress. The final selection will be made by the Congress Scientific Committee, which will determine the format, day and time of presentation for each abstract. No rescheduling or changes will be possible.\nAccepted abstracts will be scheduled as E-Poster or Moderated E-Poster.<\/p>\n<p>To\u021bi cei care trimit rezumate vor fi anun\u021ba\u021bi prin e-mail la sf\u00e2r\u0219itul lunii septembrie 2024 despre rezultatul (acceptat sau neacceptat) al procesului de evaluare \u0219i selec\u021bie. <strong>V\u0103 rug\u0103m s\u0103 v\u0103 asigura\u021bi c\u0103 e-mailul furnizat este corect<\/strong>, deoarece toat\u0103 coresponden\u021ba va fi trimis\u0103 prin e-mail. Dac\u0103 rezumatul este acceptat, instruc\u021biunile privind prezentarea rezumatului vor fi furnizate online.<\/p>\n<p><strong>Publication of abstracts<\/strong><\/p>\n<p>Toate rezumatele prezentate \u0219i acceptate vor fi publicate \u00een Volumul de Rezumate online al Congresului, volum publicat de o editur\u0103 acreditat\u0103 de c\u0103tre Colegiul Medicilor din Rom\u00e2nia.<\/p>\n<p>&nbsp;<\/p>\n<p><strong>AFFIRMATION OF ORIGINALITY<\/strong><\/p>\n<p>Prin trimiterea lucr\u0103rii dvs. la Conferin\u021ba de Cardiologie CARDIOGAL 2024:<\/p>\n<ul>\n<li>You consent to have authors\u2019 names and affiliations  used in connection with the publication of your work.<\/li>\n<li>Autorul (autorii) reprezint\u0103 \u0219i garanteaz\u0103 CARDIOGAL 2024 \u0219i organizatorii s\u0103i c\u0103 el \/ ea \/ ei este \/ sunt singurul autor (autori) al lucr\u0103rii, ca to\u021bi autorii au participat \u0219i contribuit \u0219i sunt de acord cu con\u021binutul \u0219i concluziile rezumatului \u0219i c\u0103 acesta este original \u0219i nu \u00eencalc\u0103 niciun drept de autor, drept de proprietate sau personal al unei ter\u021be p\u0103r\u021bi. Cel care transmite rezumatul afirm\u0103 prin prezenta c\u0103 lucrarea trimis\u0103 este original\u0103, cu excep\u021bia extraselor din lucr\u0103ri protejate prin drepturi de autor autorizate \u00een totalitate de c\u0103tre de\u021bin\u0103torii drepturilor de autor \u0219i c\u0103 toate afirma\u021biile declarate ca fapte se bazeaz\u0103 pe examinarea \u0219i investigarea am\u0103nun\u021bit\u0103 a acurate\u021bii acestora.<\/li>\n<li>Submitted abstracts should not have been published in any other journals and\/or online publications nor presented at any previous congress.<\/li>\n<\/ul>\n<p>The submitter signs for all co-authors. He\/she accepts responsibility for the present rules for submission and presentation on behalf of all co-authors.<\/p>\n<p>&nbsp;<\/p>\n<p><strong>CONFLICT OF INTEREST<\/strong><\/p>\n<p>All presenters must display a slide at the beginning of their presentation (at the bottom of the poster for Poster Presentations) indicating disclosure information for themselves and all co-authors, as applicable, or to indicate that they have nothing to disclose. Please state \u2018none\u2019 if no conflicts exist.<\/p>\n<p>A potential conflict of interest may arise from various relationships, past or present, such as employment, consultancy, investments and stock ownership, funding for research, family relationships, etc.<\/p>\n<p>[\/et_pb_text][\/et_pb_column][\/et_pb_row][\/et_pb_section]<\/p>","protected":false},"excerpt":{"rendered":"<p>Instruc\u021biuni rezumate CARDIOGAL 2024 Termene Importante \u00a0 Deschidere sesiune transmitere rezumate 1 Iulie 2024 Termen limit\u0103 transmitere rezumate 15 Septembrie 2024 Notificare de acceptare\/respingere a rezumatului Ultima decad\u0103 a lunii septembrie 2024 Desf\u0103\u015furare Conferin\u021ba de Cardiologie CARDIOGAL 2024 10-12 Octombrie 2024 Instruc\u021biuni pentru transmiterea rezumatelor Rezumatele trebuie trimise prin myAbstract (serviciul de depunere online a [&hellip;]<\/p>","protected":false},"author":1,"featured_media":0,"parent":0,"menu_order":0,"comment_status":"closed","ping_status":"closed","template":"","meta":{"_et_pb_use_builder":"on","_et_pb_old_content":"","_et_gb_content_width":""},"_links":{"self":[{"href":"https:\/\/cardiogal.ro\/en\/wp-json\/wp\/v2\/pages\/28523"}],"collection":[{"href":"https:\/\/cardiogal.ro\/en\/wp-json\/wp\/v2\/pages"}],"about":[{"href":"https:\/\/cardiogal.ro\/en\/wp-json\/wp\/v2\/types\/page"}],"author":[{"embeddable":true,"href":"https:\/\/cardiogal.ro\/en\/wp-json\/wp\/v2\/users\/1"}],"replies":[{"embeddable":true,"href":"https:\/\/cardiogal.ro\/en\/wp-json\/wp\/v2\/comments?post=28523"}],"version-history":[{"count":14,"href":"https:\/\/cardiogal.ro\/en\/wp-json\/wp\/v2\/pages\/28523\/revisions"}],"predecessor-version":[{"id":29468,"href":"https:\/\/cardiogal.ro\/en\/wp-json\/wp\/v2\/pages\/28523\/revisions\/29468"}],"wp:attachment":[{"href":"https:\/\/cardiogal.ro\/en\/wp-json\/wp\/v2\/media?parent=28523"}],"curies":[{"name":"wp","href":"https:\/\/api.w.org\/{rel}","templated":true}]}}