{"id":28540,"date":"2023-12-11T09:59:52","date_gmt":"2023-12-11T07:59:52","guid":{"rendered":"https:\/\/cardiogal.ro\/?page_id=28540"},"modified":"2024-06-18T09:01:32","modified_gmt":"2024-06-18T07:01:32","slug":"e-postere","status":"publish","type":"page","link":"https:\/\/cardiogal.ro\/en\/e-postere\/","title":{"rendered":"E-Postere 2024"},"content":{"rendered":"<p>[et_pb_section fb_built=&#8221;1&#8243; _builder_version=&#8221;4.19.1&#8243; background_color=&#8221;#f2f2f2&#8243; custom_margin=&#8221;0px|||&#8221; custom_padding=&#8221;0px|||&#8221; global_colors_info=&#8221;{}&#8221;][et_pb_row custom_padding_last_edited=&#8221;on|desktop&#8221; _builder_version=&#8221;4.19.1&#8243; _module_preset=&#8221;default&#8221; background_color=&#8221;#FFFFFF&#8221; width=&#8221;100%&#8221; max_width=&#8221;1813px&#8221; module_alignment=&#8221;center&#8221; custom_margin=&#8221;0px||5px||false|false&#8221; custom_margin_tablet=&#8221;||5px||false|false&#8221; custom_margin_phone=&#8221;||5px||false|false&#8221; custom_margin_last_edited=&#8221;on|tablet&#8221; custom_padding=&#8221;20px||0px||false|false&#8221; custom_padding_tablet=&#8221;44px||0px||false|false&#8221; custom_padding_phone=&#8221;5px|15px|5px|15px|false|false&#8221; animation_style=&#8221;fade&#8221; border_width_bottom=&#8221;9px&#8221; border_color_bottom=&#8221;#f4f4f4&#8243; global_colors_info=&#8221;{}&#8221;][et_pb_column type=&#8221;4_4&#8243; _builder_version=&#8221;4.16&#8243; _module_preset=&#8221;default&#8221; global_colors_info=&#8221;{}&#8221;][et_pb_text disabled_on=&#8221;off|off|off&#8221; _builder_version=&#8221;4.19.2&#8243; _module_preset=&#8221;default&#8221; text_font=&#8221;Poppins||||||||&#8221; width=&#8221;100%&#8221; custom_margin_tablet=&#8221;&#8221; custom_margin_phone=&#8221;&#8221; custom_margin_last_edited=&#8221;on|phone&#8221; custom_padding=&#8221;10px|25px||26px|false|false&#8221; header_line_height_tablet=&#8221;&#8221; header_line_height_phone=&#8221;1.3em&#8221; header_line_height_last_edited=&#8221;on|phone&#8221; header_3_font_size_tablet=&#8221;&#8221; header_3_font_size_phone=&#8221;16px&#8221; header_3_font_size_last_edited=&#8221;on|phone&#8221; header_3_line_height_tablet=&#8221;&#8221; header_3_line_height_phone=&#8221;1.3em&#8221; header_3_line_height_last_edited=&#8221;on|phone&#8221; global_colors_info=&#8221;{}&#8221;]<\/p>\n<h1 style=\"text-align: left;\"><span style=\"color: #bc1823;\"><strong>Sesiuni E-Postere<\/strong><\/span><\/h1>\n<h3><strong><span style=\"color: #000000;\">CARDIOGAL 2024<\/span><\/strong><\/h3>\n<p>[\/et_pb_text][\/et_pb_column][\/et_pb_row][et_pb_row _builder_version=&#8221;4.19.1&#8243; background_color=&#8221;#FFFFFF&#8221; background_size=&#8221;initial&#8221; background_position=&#8221;top_left&#8221; background_repeat=&#8221;repeat&#8221; width=&#8221;100%&#8221; max_width=&#8221;1344px&#8221; global_colors_info=&#8221;{}&#8221;][et_pb_column type=&#8221;4_4&#8243; _builder_version=&#8221;4.16&#8243; custom_padding=&#8221;|||&#8221; global_colors_info=&#8221;{}&#8221; custom_padding__hover=&#8221;|||&#8221;][et_pb_text _builder_version=&#8221;4.19.2&#8243; text_font=&#8221;Poppins||||||||&#8221; custom_margin=&#8221;0px|||&#8221; custom_padding=&#8221;0px|20px||20px|false|false&#8221; global_colors_info=&#8221;{}&#8221;]<\/p>\n<p><strong>1. <\/strong><strong>Am ales tipul de prezentare oral\u0103, dar rezumatul meu a fost programat sub forma de poster?<\/strong><\/p>\n<p>Toate rezumatele \u00eenscrise vor fi evaluate f\u0103r\u0103 identificarea autorilor de c\u0103tre membrii Comitetului \u0218tiin\u021bific al manifest\u0103rii. Selec\u021bia final\u0103 va fi f\u0103cut\u0103 de Comitetul \u0218tiin\u021bific, care va determina formatul, ziua \u0219i ora prezent\u0103rii pentru fiecare rezumat. Rezumatele acceptate \u00een cadrul manifest\u0103rii, dar care nu se vor reg\u0103si \u00een programul \u0219tiin\u021bific, vor fi programate ca E-Poster. Fiecare autor care se va \u00eencadra \u00een aceast\u0103 categorie va primi pe mail o <span style=\"color: #bc1823;\">notificare \u00een ultima decad\u0103 a lunii septembrie 2024.\u00a0<\/span><\/p>\n<p>&nbsp;<\/p>\n<p><strong>2. Cum va avea loc prezentarea E-Posterului?<br \/><\/strong><\/p>\n<p>Se vor organiza sesiuni de E-Postere cu un timp de prezentare de 5-7 minute. Data \u0219i ora, respectiv ordinea de prezentare vor fi comunicate \u00een timp util de c\u0103tre organizatori.<\/p>\n<p>Toate E-Posterele vor fi prezentate \u00een limba rom\u00e2n\u0103. Unul dintre coautori trebuie s\u0103 ia parte la manifestare pentru a realiza prezentarea. \u020an cazul \u00een care apar probleme \u00een posibilitatea respect\u0103rii acestor instruc\u021biuni, un email c\u0103tre organizatori la adresa <a href=\"mailto:contact@focusevent.ro\">contact@focusevent.ro<\/a> must be transmitted to inform on these issues.<\/p>\n<p>&nbsp;<\/p>\n<p><strong>3. Exist\u0103 lucruri de care trebuie s\u0103 \u021bin cont la realizarea E-Posterului?<br \/><\/strong><\/p>\n<p>Da! Te rug\u0103m s\u0103 trimi\u021bi macheta E-Posterului \u00een <strong>format JPEG, orientare landscape, dimensiune L1920 x H1080 pixeli <\/strong>la adresa <a href=\"mailto:contact@focusevent.ro\">contact@focusevent.ro<\/a><strong>.<\/strong><\/p>\n<p>&nbsp;<\/p>\n<p><strong>4. P\u00e2n\u0103 c\u00e2nd pot trimite E-Posterul?<\/strong><\/p>\n<p>Macheta E-Posterului va trebui trebui transmis\u0103 p\u00e2n\u0103 la data de <span style=\"color: #bc1823;\">30 septembrie 2024 <\/span>pe adresa de mail indicat\u0103!<\/p>\n<p>&nbsp;<\/p>\n<p>[\/et_pb_text][\/et_pb_column][\/et_pb_row][\/et_pb_section]<\/p>","protected":false},"excerpt":{"rendered":"<p>Sesiuni E-Postere CARDIOGAL 20241. Am ales tipul de prezentare oral\u0103, dar rezumatul meu a fost programat sub forma de poster? Toate rezumatele \u00eenscrise vor fi evaluate f\u0103r\u0103 identificarea autorilor de c\u0103tre membrii Comitetului \u0218tiin\u021bific al manifest\u0103rii. Selec\u021bia final\u0103 va fi f\u0103cut\u0103 de Comitetul \u0218tiin\u021bific, care va determina formatul, ziua \u0219i ora prezent\u0103rii pentru fiecare rezumat. [&hellip;]<\/p>","protected":false},"author":1,"featured_media":0,"parent":0,"menu_order":0,"comment_status":"closed","ping_status":"closed","template":"","meta":{"_et_pb_use_builder":"on","_et_pb_old_content":"","_et_gb_content_width":""},"_links":{"self":[{"href":"https:\/\/cardiogal.ro\/en\/wp-json\/wp\/v2\/pages\/28540"}],"collection":[{"href":"https:\/\/cardiogal.ro\/en\/wp-json\/wp\/v2\/pages"}],"about":[{"href":"https:\/\/cardiogal.ro\/en\/wp-json\/wp\/v2\/types\/page"}],"author":[{"embeddable":true,"href":"https:\/\/cardiogal.ro\/en\/wp-json\/wp\/v2\/users\/1"}],"replies":[{"embeddable":true,"href":"https:\/\/cardiogal.ro\/en\/wp-json\/wp\/v2\/comments?post=28540"}],"version-history":[{"count":8,"href":"https:\/\/cardiogal.ro\/en\/wp-json\/wp\/v2\/pages\/28540\/revisions"}],"predecessor-version":[{"id":29412,"href":"https:\/\/cardiogal.ro\/en\/wp-json\/wp\/v2\/pages\/28540\/revisions\/29412"}],"wp:attachment":[{"href":"https:\/\/cardiogal.ro\/en\/wp-json\/wp\/v2\/media?parent=28540"}],"curies":[{"name":"wp","href":"https:\/\/api.w.org\/{rel}","templated":true}]}}