{"id":28590,"date":"2023-12-06T13:36:16","date_gmt":"2023-12-06T11:36:16","guid":{"rendered":"https:\/\/cardiogal.ro\/?page_id=28590"},"modified":"2025-09-08T08:53:33","modified_gmt":"2025-09-08T06:53:33","slug":"termenisiconditii","status":"publish","type":"page","link":"https:\/\/cardiogal.ro\/en\/termenisiconditii\/","title":{"rendered":"General Terms and Conditions"},"content":{"rendered":"<p>[et_pb_section fb_built=&#8221;1&#8243; _builder_version=&#8221;4.19.2&#8243; _module_preset=&#8221;default&#8221; background_color=&#8221;#FFFFFF&#8221; custom_padding=&#8221;0px|||||&#8221; global_colors_info=&#8221;{}&#8221;][et_pb_row _builder_version=&#8221;4.19.2&#8243; _module_preset=&#8221;default&#8221; global_colors_info=&#8221;{}&#8221;][et_pb_column type=&#8221;4_4&#8243; _builder_version=&#8221;4.19.2&#8243; _module_preset=&#8221;default&#8221; global_colors_info=&#8221;{}&#8221;][et_pb_text _builder_version=&#8221;4.19.2&#8243; _module_preset=&#8221;default&#8221; text_font=&#8221;Inter Tight||||||||&#8221; global_colors_info=&#8221;{}&#8221;]<\/p>\n<h4><strong>\u00cenregistrare si Plat\u0103<\/strong><\/h4>\n<p><strong><\/strong><\/p>\n<p style=\"text-align: justify;\"><span>\u00cenregistrarea formeaz\u0103 un contract \u00eentre participantul la manifestare \u0219i Organizatori cu privire la participarea la\u00a0<strong>CARDIOGAL 2026 <\/strong>(<strong>Evenimentul<\/strong>). Acest contract se bazeaz\u0103 pe urm\u0103torii Termeni \u0219i Condi\u021bii generale.<\/span><\/p>\n<p style=\"text-align: justify;\"><span><\/span><\/p>\n<p style=\"text-align: justify;\"><span>\u00cenregistrarea la eveniment trebuie f\u0103cut\u0103 electronic, utiliz\u00e2nd formularul de \u00eenregistrare respectiv furnizat pe site-ul\u00a0<span style=\"color: #e60549;\"><strong><a href=\"https:\/\/focusevent.ro\/\" style=\"color: #e60549;\">www.<\/a><a href=\"https:\/\/focusevent.ro\/\" style=\"color: #e60549;\">focusevent.ro<\/a>.<\/strong>\u00a0<\/span>Plata taxei de participare se realizeaz\u0103 online cu cardul bancar. \u00cenregistr\u0103rile f\u0103r\u0103 datele complete ale participantului nu pot fi procesate.<\/span><\/p>\n<p style=\"text-align: justify;\"><span>La \u00eenregistrare, participantul va primi un e-mail de confirmare a \u00eenregistr\u0103rii.\u00a0\u00cen cazul\u00a0\u00een care datele de contact introduse nu sunt corecte, iar e-mailurile de confirmare nu sunt recep\u021bionate, este de datoria celui care s-a\u00a0\u00eenregistrat s\u0103 verifice si s\u0103 sesize neconcordan\u021bele, s\u0103 solicite confirmarea\u00a0\u00eenregistr\u0103rii. \u00cenregistrarea la\u00a0<strong>Eveniment<\/strong>\u00a0nu este transferabil\u0103.<\/span><\/p>\n<p style=\"text-align: justify;\"><span>Taxele de participare pl\u0103tite pentru una sau alta dintre componentele<\/span><span>\u00a0<\/span><span><strong>Evenimentului\u00a0<\/strong>(conferinte, cursuri, workshopuri, seminarii etc) nu garanteaz\u0103 o anumit\u0103\u00a0\u00eentindere\u00a0\u00een timp (\u00een zile sau ore pe parcursul unei zile), ci accesul la continutul stiintific al componentei respective. De asemenea, modalitatea de desf\u0103surare,\u00a0\u00een tot sau\u00a0\u00een parte, a\u00a0<strong>Evenimentului\u00a0<\/strong>este cea comunicat\u0103 de c\u0103tre organizatori prin programul final, iar organizatorii nu pot fi\u00a0\u021binu\u021bi raspunz\u0103tori pentru eventualele aranjamente facute de participan\u021bii la\u00a0<strong>Eveniment<\/strong>\u00a0care nu iau\u00a0\u00een considerare programul final al\u00a0<strong>Evenimentului.<\/strong><\/span><span><\/span><\/p>\n<p><span>\u00a0<\/span><\/p>\n<h4><span><strong>Anularea particip\u0103rii la Eveniment<\/strong><\/span><span><strong><\/strong><\/span><\/h4>\n<p><span><strong>Anulare<\/strong><\/span><br \/><span>Orice anulare sau modificare a \u00eenregistr\u0103rii dumneavoastr\u0103 trebuie s\u0103 fie notificat\u0103 \u00een scris \u0219i va fi supus\u0103 urm\u0103toarelor condi\u021bii:<\/span><\/p>\n<p><span>P\u00e2n\u0103 la 1 iunie 2026: rambursarea taxei minus 30% taxa administrativ\u0103.<\/span><br \/><span>Dupa 1 iunie 2026 nu este posibil\u0103 nici o rambursare.<\/span><\/p>\n<p><span><strong>Schimb\u0103ri de nume<\/strong><\/span><br \/><span>V\u0103 rug\u0103m s\u0103 re\u021bine\u021bi c\u0103 nu sunt posibile schimb\u0103ri de nume. Va trebui achizi\u021bionat\u0103 o nou\u0103 \u00eenregistrare.<\/span><\/p>\n<p><span><\/span><\/p>\n<p><span><\/span><\/p>\n<h4><span><strong>Changes to the program and \/ or format and conditions of the event<\/strong><\/span><\/h4>\n<p>&nbsp;<\/p>\n<p style=\"text-align: justify;\"><span>Organizatorii si\/sau Comitetul \u015etiin\u021bific al manifest\u0103rii \u00ee\u0219i rezerv\u0103 dreptul de a aduce modific\u0103rile necesare programului \u00een termen scurt. Taxele de participare, daca acestea exist\u0103,\u00a0 nu vor fi rambursate nici \u00een totalitate, nici \u00een parte, din cauza prezent\u0103rilor anulate sau a modific\u0103rilor programului. De asemenea, Comitetul \u015etiin\u021bific \u00ee\u0219i rezerv\u0103 dreptul de a realiza modific\u0103ri la formatul \u0219i condi\u021biile de eveniment \u00een func\u021bie de necesit\u0103\u021bi f\u0103r\u0103 ca acest lucru s\u0103 permit\u0103 ramburs\u0103ri de taxe de participare (daca este cazul). Toate modific\u0103rile care trebuie s\u0103 ajung\u0103 la cuno\u0219tin\u021ba participan\u021bilor vor fi postate pe website-ul evenimentului, <a href=\"https:\/\/cardiogal.ro\/en\/\"><span style=\"color: #e60549;\">www.cardiogal.ro<\/span><\/a>, in due time.<\/span><\/p>\n<p style=\"text-align: justify;\"><span><\/span><\/p>\n<h4><span><strong><\/strong><\/span><\/h4>\n<h4><span><strong><\/strong><\/span><\/h4>\n<h4><span><strong>Participarea la eveniment <\/strong><\/span><span><strong>\u0219<\/strong><\/span><strong style=\"font-size: 18px;\">i creditarea profesional<\/strong><span><strong>\u0103<\/strong><\/span><\/h4>\n<h4><\/h4>\n<p style=\"text-align: justify;\"><span>Participarea la Eveniment \u00een formatul decis de Organizatori este o condi\u021bie pentru ob\u021binerea certificatului de participare\/absolvire. Certificatele de participare\/absolvire sunt purt\u0103toare de credite profesionale dac\u0103 participan\u021bii \u00eendeplinesc condi\u021biile din regulamentul evenimentului \u0219i dac\u0103 Organizatorii au comunicat faptul ca evenimentul respectiv va fi acreditat la organiza\u021bia profesional\u0103 respectiv\u0103. Membrii categoriilor profesionale pentru care Organizatorii nu comunic\u0103 \u0219i nu \u00ee\u0219i asum\u0103 acreditarea evenimentului la\u00a0 organismul profesional aferent, dar pentru care accesul la eveniment este permis \u00een baza regulamentului, au datoria de a realiza toate procedurile necesare \u0219i de a-\u0219i asuma toate costurile implicate pentru echivalarea certificatelor \u0219i ob\u021binerea creditelor aferente de la organismul profesional de care apar\u021bin, dac\u0103 \u00ee\u0219i doresc acest lucru.\u00a0\u00a0<\/span><\/p>\n<p><span>\u00a0<\/span><\/p>\n<h4><span><strong>Event format<\/strong><\/span><\/h4>\n<p>&nbsp;<\/p>\n<p style=\"text-align: justify;\"><span>Evenimentul se poate desf\u0103sura \u00een format onsite, online sau hibrid.\u00a0Locurile cu participare fizic\u0103 sunt limitate, iar ocuparea acestora pe parcursul evenimentului se face pe baza principiului \u201eprimul venit, primul servit\u201d. Nici o rezervare a locurilor cu participare fizic\u0103 nu este posibil\u0103. Este, de asemenea, posibil ca anumite sec\u0163iuni de program sa fie doar cu participare fizica, altele doar cu participare online. Nu toate sec\u0163iunile de program sunt dedicate tuturor categoriilor profesionale invitate la eveniment. Participan\u0163ii sunt invita\u0163i s\u0103 urm\u0103reasc\u0103 programul \u0219tiin\u0163ific afisat \u0219i s\u0103-si personalizeze experien\u0163a \u00een func\u0163ie de programul final al manifest\u0103rii. Totu\u0219i, modific\u0103ri de ultim moment nu pot fi excluse.<\/span><\/p>\n<p><span>\u00a0<\/span><\/p>\n<h4><span><strong>Force majeure<\/strong><\/span><\/h4>\n<p style=\"text-align: justify;\"><span>Din motive independente de controlul s\u0103u (cum ar fi r\u0103zboi, greve, blocaje, revolte sau orice astfel de tulbur\u0103ri civile, orice acte ale lui Dumnezeu, inclusiv, dar f\u0103r\u0103 a se limita la cutremure, inunda\u021bii, secete \u0219i epidemii \u0219i orice alt\u0103 circumstan\u021b\u0103 a oric\u0103rei cauza este dincolo de control) care au un impact asupra aranjamentelor, orelor sau planific\u0103rii evenimentului \u0219i a activit\u0103\u021bilor corespunz\u0103toare, Comitetele \u015etiin\u021bific \u0219i de Organizare au dreptul de a modifica sau anula imediat activit\u0103\u021bile sau evenimentele sau oricare dintre aranjamentele, calendarul, planurile sau alte elemente directe sau indirecte referitoare la desfasurarea congresului.<\/span><\/p>\n<p><span>Neither party is entitled to any compensation for damages resulting from this amendment or cancellation.<\/span><\/p>\n<p>[\/et_pb_text][\/et_pb_column][\/et_pb_row][\/et_pb_section]<\/p>","protected":false},"excerpt":{"rendered":"<p>\u00cenregistrare si Plat\u0103 \u00cenregistrarea formeaz\u0103 un contract \u00eentre participantul la manifestare \u0219i Organizatori cu privire la participarea la\u00a0CARDIOGAL 2026 (Evenimentul). Acest contract se bazeaz\u0103 pe urm\u0103torii Termeni \u0219i Condi\u021bii generale. \u00cenregistrarea la eveniment trebuie f\u0103cut\u0103 electronic, utiliz\u00e2nd formularul de \u00eenregistrare respectiv furnizat pe site-ul\u00a0www.focusevent.ro.\u00a0Plata taxei de participare se realizeaz\u0103 online cu cardul bancar. \u00cenregistr\u0103rile f\u0103r\u0103 [&hellip;]<\/p>","protected":false},"author":1,"featured_media":0,"parent":0,"menu_order":0,"comment_status":"closed","ping_status":"closed","template":"","meta":{"_et_pb_use_builder":"on","_et_pb_old_content":"","_et_gb_content_width":""},"_links":{"self":[{"href":"https:\/\/cardiogal.ro\/en\/wp-json\/wp\/v2\/pages\/28590"}],"collection":[{"href":"https:\/\/cardiogal.ro\/en\/wp-json\/wp\/v2\/pages"}],"about":[{"href":"https:\/\/cardiogal.ro\/en\/wp-json\/wp\/v2\/types\/page"}],"author":[{"embeddable":true,"href":"https:\/\/cardiogal.ro\/en\/wp-json\/wp\/v2\/users\/1"}],"replies":[{"embeddable":true,"href":"https:\/\/cardiogal.ro\/en\/wp-json\/wp\/v2\/comments?post=28590"}],"version-history":[{"count":26,"href":"https:\/\/cardiogal.ro\/en\/wp-json\/wp\/v2\/pages\/28590\/revisions"}],"predecessor-version":[{"id":30194,"href":"https:\/\/cardiogal.ro\/en\/wp-json\/wp\/v2\/pages\/28590\/revisions\/30194"}],"wp:attachment":[{"href":"https:\/\/cardiogal.ro\/en\/wp-json\/wp\/v2\/media?parent=28590"}],"curies":[{"name":"wp","href":"https:\/\/api.w.org\/{rel}","templated":true}]}}