{"id":30063,"date":"2025-07-08T14:01:04","date_gmt":"2025-07-08T12:01:04","guid":{"rendered":"https:\/\/cardiogal.ro\/?page_id=30063"},"modified":"2025-12-08T16:14:45","modified_gmt":"2025-12-08T14:14:45","slug":"informatii-generale","status":"publish","type":"page","link":"https:\/\/cardiogal.ro\/en\/informatii-generale\/","title":{"rendered":"General Info"},"content":{"rendered":"<p>[et_pb_section fb_built=&#8221;1&#8243; _builder_version=&#8221;4.19.2&#8243; custom_margin_tablet=&#8221;&#8221; custom_margin_phone=&#8221;30px||||false|false&#8221; custom_margin_last_edited=&#8221;on|phone&#8221; custom_padding=&#8221;0px||0px||false|false&#8221; global_colors_info=&#8221;{}&#8221;][et_pb_row _builder_version=&#8221;4.19.2&#8243; _module_preset=&#8221;default&#8221; background_color=&#8221;#c30538&#8243; width=&#8221;100%&#8221; max_width=&#8221;2074px&#8221; module_alignment=&#8221;center&#8221; custom_padding=&#8221;105px||46px||false|false&#8221; global_colors_info=&#8221;{}&#8221;][et_pb_column type=&#8221;4_4&#8243; _builder_version=&#8221;4.19.2&#8243; _module_preset=&#8221;default&#8221; global_colors_info=&#8221;{}&#8221;][et_pb_text _builder_version=&#8221;4.19.2&#8243; _module_preset=&#8221;default&#8221; text_font_size=&#8221;70px&#8221; text_line_height=&#8221;1.1em&#8221; header_font_size=&#8221;8px&#8221; global_colors_info=&#8221;{}&#8221;]<\/p>\n<p style=\"text-align: center;\"><span style=\"color: #ffffff;\">General Info<\/span><\/p>\n<p>[\/et_pb_text][\/et_pb_column][\/et_pb_row][\/et_pb_section][et_pb_section fb_built=&#8221;1&#8243; _builder_version=&#8221;4.19.2&#8243; background_color=&#8221;#f8f7f2&#8243; custom_margin=&#8221;0px||||false|false&#8221; custom_margin_tablet=&#8221;&#8221; custom_margin_phone=&#8221;30px||||false|false&#8221; custom_margin_last_edited=&#8221;on|phone&#8221; custom_padding=&#8221;0px||||false|false&#8221; top_divider_style=&#8221;ramp2&#8243; top_divider_color=&#8221;#c30538&#8243; top_divider_height=&#8221;81px&#8221; global_colors_info=&#8221;{}&#8221;][et_pb_row _builder_version=&#8221;4.19.2&#8243; _module_preset=&#8221;default&#8221; width=&#8221;92%&#8221; max_width=&#8221;1161px&#8221; module_alignment=&#8221;center&#8221; custom_margin=&#8221;0px|auto||auto|false|false&#8221; custom_margin_tablet=&#8221;&#8221; custom_margin_phone=&#8221;-36px|15px||15px|false|false&#8221; custom_margin_last_edited=&#8221;on|phone&#8221; custom_padding=&#8221;0px||||false|false&#8221; animation_style=&#8221;fade&#8221; border_radii=&#8221;on|5px|5px|5px|5px&#8221; global_colors_info=&#8221;{}&#8221;][et_pb_column type=&#8221;4_4&#8243; _builder_version=&#8221;4.19.2&#8243; _module_preset=&#8221;default&#8221; global_colors_info=&#8221;{}&#8221;][et_pb_text _builder_version=&#8221;4.19.2&#8243; _module_preset=&#8221;default&#8221; text_font=&#8221;Inter Tight||||||||&#8221; custom_margin=&#8221;91px||||false|false&#8221; custom_padding=&#8221;20px|25px|10px|25px|false|false&#8221; header_4_font_size_tablet=&#8221;&#8221; header_4_font_size_phone=&#8221;18px&#8221; header_4_font_size_last_edited=&#8221;on|phone&#8221; global_colors_info=&#8221;{}&#8221;]<\/p>\n<h4 class=\"et_pb_module_header\" style=\"text-align: left;\"><span style=\"color: #c30538;\"><strong>1.\u00a0 Comunicare<\/strong><\/span><\/h4>\n<p style=\"text-align: justify;\"><span style=\"color: #777777;\"><span style=\"font-size: 14px;\"><span>Limba oficial\u0103 a Conferin\u021bei \u0219i cursurilor aferente este rom\u00e2na. <\/span><span>Website-ul evenimentului, <span style=\"color: #000000;\">www.cardiogal.ro<\/span>, reprezint\u0103 forma de comunicare oficial\u0103 cu participan\u021bii la manifestare, iar con\u021binutul acestuia este \u020bn permanent\u0103 actualizare.<\/span><\/span><\/span><\/p>\n<p style=\"text-align: justify;\"><span style=\"color: #777777;\"><span style=\"font-size: 14px;\"><span><\/span><\/span><\/span><\/p>\n<p style=\"text-align: justify;\"><span style=\"color: #777777;\"><span style=\"font-size: 14px;\"><span><\/span><\/span><\/span><\/p>\n<p style=\"text-align: justify;\"><span style=\"color: #777777;\"><span style=\"font-size: 14px;\"><span><\/span><\/span><\/span><\/p>\n<div style=\"text-align: justify;\">\n<h4 class=\"et_pb_module_header\" style=\"text-align: left;\"><span style=\"color: #c30538;\"><strong>2.\u00a0 \u00cenregistrare \u0219i plat\u0103<\/strong><\/span><\/h4>\n<p style=\"text-align: justify;\">\u020anregistrarea se realizeaz\u0103 online pe website-ul evenimentului, iar plata taxelor de participare se face online prin card bancar\u00a0<span class=\"SS_gjA\">\u020b<\/span>n contul operatorului manifest\u0103rii, SC FOCUS EVENT SRL, RO24361916.. Pentru mai mute informa<span class=\"SS_gjA\">\u021b<\/span>ii, mergi la sec\u021biunea<span style=\"color: #000000;\">\u00a0<a href=\"\/en\/cardiogal.ro\/inregistrare\/\">\u00ceNREGISTRARE.<\/a><\/span><\/p>\n<p style=\"text-align: justify;\"><span style=\"color: #777777;\"><span style=\"font-size: 14px;\"><span><\/span><\/span><\/span><\/p>\n<p style=\"text-align: justify;\"><span style=\"color: #777777;\"><span style=\"font-size: 14px;\"><span><\/span><\/span><\/span><\/p>\n<h4 class=\"et_pb_module_header\" style=\"text-align: left;\"><span style=\"color: #c30538;\"><strong>3.\u00a0 Creditare EMC<\/strong><\/span><\/h4>\n<p><span>Manifest\u0103rile din cadrul Cardiogal 2026 vor fi creditate EMC de c\u0103tre Colegiul Medicilor din Rom\u00e2nia \u015fi de c\u0103tre Ordinul Asisten\u021bilor Medicali Generali\u015fti, Moa\u015felor \u015fi Asisten\u021bilor Medicali din Rom\u00e2nia. Certificatele de participare cu credite EMC vor fi emise dup\u0103 \u020bncheierea lucr\u0103rilor pe baza prezen\u021bei zilnice la manifest\u0103ri \u015fi vor putea fi generate din sec\u021biunea dedicat\u0103 a website-ului www.cardiogal.ro.<\/span><span><\/span><\/p>\n<p><strong>Creditarea EMC pentru asisten\u0163ii medicali se realizeaz\u0103 doar pentru participarea ONSITE a acestora.<\/strong><\/p>\n<p>Participan\u021bii care nu se calific\u0103 pentru ob\u021binerea certificatelor cu credite EMC, dar \u00eendeplinesc condi\u021bia de prezen\u021b\u0103, vor putea ob\u021bine, la cerere, certificate de participare f\u0103r\u0103 credite EMC. Fizioterapeu\u021bii vor primi certificate de participare ce vor necesita echivalarea individual\u0103 la Colegiul Fizioterapeu\u021bilor.<\/p>\n<p>Certificatele de participare vor fi emise de pe website-ul evenimentului\u00a0\u020bn format online dup\u0103\u00a0\u020bncheierea evenimentului.<\/p>\n<p>Certificatele de participare\/absolvire sunt purt\u0103toare de credite profesionale dac\u0103 participan\u021bii \u00eendeplinesc condi\u021biile din regulamentul evenimentului \u0219i dac\u0103 Organizatorii au comunicat faptul ca evenimentul respectiv va fi acreditat la organiza\u021bia profesional\u0103 respectiv\u0103. Membrii categoriilor profesionale pentru care Organizatorii nu comunic\u0103 \u0219i nu \u00ee\u0219i asum\u0103 acreditarea evenimentului la\u00a0 organismul profesional aferent, dar pentru care accesul la eveniment este permis \u00een baza regulamentului, au datoria de a realiza toate procedurile necesare \u0219i de a-\u0219i asuma toate costurile implicate pentru echivalarea certificatelor \u0219i ob\u021binerea creditelor aferente de la organismul profesional de care apar\u021bin, dac\u0103 \u00ee\u0219i doresc acest lucru.<\/p>\n<h4 class=\"et_pb_module_header\" style=\"text-align: left;\"><span style=\"color: #c30538;\"><strong>4.\u00a0 Cursuri \u00een cadrul Cardiogal 2026<\/strong><\/span><\/h4>\n<p><span>Conferin\u021ba Cardiogal 2026 este manifestarea stiin\u021bific\u0103 principal\u0103. \u00cenregistrarea \u015fi accesul la cursurile si workshopurile din cadrul Cardiogal 2026 se realizeaz\u0103 doar cu \u020bnregistrarea prealabil\u0103 sau simultan\u0103 la Conferin\u021ba Cardiogal 2026.<\/span><\/p>\n<p><span>Orice \u020bnregistrare la unul dintre cursuri care nu\u00a0 are ca \u020bnregistrare prealabil\u0103 sau simultan\u0103 \u020bnregistrarea la Conferinta Cardiogal 2026 va fi invalidat\u0103, f\u0103r\u0103 obligativitatea organizatorilor de returnare a taxelor achitate.<\/span><\/p>\n<p style=\"text-align: justify;\"><span style=\"color: #777777;\"><\/span><\/p>\n<p style=\"text-align: justify;\"><span style=\"color: #777777;\"><\/span><\/p>\n<h4 class=\"et_pb_module_header\" style=\"text-align: left;\"><span style=\"color: #c30538;\"><strong>5.\u00a0 Formatul evenimentului<\/strong><\/span><\/h4>\n<p><span>Lucr\u0103rile din cadrul Cardiogal 2026 se vor desf\u0103\u0219ura \u00een perioada 03 &#8211; 06 Iunie 2026 \u020bn format ONSITE la Gala\u021bi. Locurile sunt limitate de capacitatea centrului de conferin\u021be, iar ocuparea acestora pe parcursul evenimentului se face pe baza principiului \u201eprimul venit, primul servit\u201d. Nici o rezervare a locurilor nu este posibil\u0103.<\/span><\/p>\n<p>De asemenea, lucr\u0103rile Conferintei vor fi transmise si ONLINE. Platforma folosit\u0103 pentru transmiterea ONLINE va fi ZOOM, iar datele de conectare vor fi transmise cu c\u00e2teva zile \u00eenainte de startul manifest\u0103rii. Aplica\u0163iile practice\/workshop-urile din cadrul manifest\u0103rii NU vor fi transmise \u020bn format ONLINE.<\/p>\n<p>Este, de asemenea, posibil, ca anumite sec\u0163iuni de program sa fie doar cu prezen\u021b\u0103 fizic\u0103, altele doar cu participare online. Nu toate sec\u0163iunile de program sunt dedicate tuturor categoriilor profesionale invitate la eveniment. Participan\u0163ii sunt invita\u0163i s\u0103 urm\u0103reasc\u0103 programul \u0219tiin\u0163ific final afisat pe acest website de c\u0103tre organizatori \u0219i s\u0103-\u0219i personalizeze experien\u0163a la Cardiogal 2026.<\/p>\n<p style=\"text-align: justify;\"><span style=\"color: #777777;\"><\/span><\/p>\n<p style=\"text-align: justify;\"><span style=\"color: #777777;\"><\/span><\/p>\n<h4 class=\"et_pb_module_header\" style=\"text-align: left;\"><span style=\"color: #c30538;\"><strong>6.\u00a0 Organizatori \u0219i operator conferin\u021b\u0103<\/strong><\/span><\/h4>\n<p>Organizatorii Conferin\u021bei Cardiogal 2026 sunt:<\/p>\n<ul>\n<li>Universitatea &#8222;Dun\u0103rea de Jos&#8221; Gala\u021bi<\/li>\n<li>Facultatea de Medicin\u0103 \u0219i Farmacie Gala\u021bi<\/li>\n<li>Colegiul Medicilor Gala\u021bi<\/li>\n<\/ul>\n<p>Manifestarea se def\u0103\u0219oar\u0103 sub patronajul <strong>Societ\u0103\u021bii Rom\u00e2ne de Cardiologie.<\/strong><\/p>\n<p>Operatorul manifest\u0103rii este compania FOCUS EVENT, RO24361916, Centrul de Afaceri SOLOMON\u2019S, Sos Moara de Foc 35, Et 3, Ia\u015fi, www.focusevent.ro.<\/p>\n<\/div>\n<p>[\/et_pb_text][\/et_pb_column][\/et_pb_row][\/et_pb_section][et_pb_section fb_built=&#8221;1&#8243; disabled_on=&#8221;off|off|off&#8221; _builder_version=&#8221;4.19.2&#8243; background_color=&#8221;#2b2b2b&#8221; custom_margin=&#8221;||0px||false|false&#8221; custom_padding=&#8221;10px||0px||false|false&#8221; global_module=&#8221;25778&#8243; saved_tabs=&#8221;all&#8221; global_colors_info=&#8221;{}&#8221;][et_pb_row _builder_version=&#8221;4.16&#8243; _module_preset=&#8221;default&#8221; custom_padding=&#8221;0px||0px||false|false&#8221; global_colors_info=&#8221;{}&#8221;][et_pb_column type=&#8221;4_4&#8243; _builder_version=&#8221;4.16&#8243; _module_preset=&#8221;default&#8221; global_colors_info=&#8221;{}&#8221;][et_pb_text _builder_version=&#8221;4.16&#8243; _module_preset=&#8221;default&#8221; custom_margin=&#8221;||0px||false|false&#8221; global_colors_info=&#8221;{}&#8221;]<\/p>\n<p style=\"text-align: center;\"><span style=\"color: #ffffff;\"><strong>PROFESSIONAL CONGRESS ORGANIZER<\/strong><\/span><\/p>\n<p>[\/et_pb_text][et_pb_image src=&#8221;https:\/\/cardiogal.ro\/wp-content\/uploads\/2022\/12\/ZSCR-2023-telefon-1-e1668249163180.png&#8221; title_text=&#8221;ZSCR 2023 telefon (1)&#8221; url=&#8221;https:\/\/focusevent.ro\/&#8221; align=&#8221;center&#8221; _builder_version=&#8221;4.19.2&#8243; _module_preset=&#8221;default&#8221; custom_margin=&#8221;0px||||false|false&#8221; global_colors_info=&#8221;{}&#8221;][\/et_pb_image][\/et_pb_column][\/et_pb_row][et_pb_row column_structure=&#8221;1_4,1_4,1_4,1_4&#8243; _builder_version=&#8221;4.16&#8243; _module_preset=&#8221;default&#8221; global_colors_info=&#8221;{}&#8221;][et_pb_column type=&#8221;1_4&#8243; _builder_version=&#8221;4.16&#8243; _module_preset=&#8221;default&#8221; global_colors_info=&#8221;{}&#8221;][et_pb_text _builder_version=&#8221;4.19.2&#8243; _module_preset=&#8221;default&#8221; link_option_url=&#8221;https:\/\/focusevent.ro\/contact\/&#8221; global_colors_info=&#8221;{}&#8221;]<\/p>\n<p style=\"text-align: center;\"><span style=\"text-decoration: underline;\"><span style=\"color: #ffffff;\"><a href=\"https:\/\/focusevent.ro\/contact\/\" style=\"color: #ffffff; text-decoration: underline;\">\u00a0Contact\u00a0<\/a><\/span><\/span><\/p>\n<p>[\/et_pb_text][\/et_pb_column][et_pb_column type=&#8221;1_4&#8243; _builder_version=&#8221;4.16&#8243; _module_preset=&#8221;default&#8221; global_colors_info=&#8221;{}&#8221;][et_pb_text _builder_version=&#8221;4.19.2&#8243; _module_preset=&#8221;default&#8221; global_colors_info=&#8221;{}&#8221;]<\/p>\n<p style=\"text-align: center;\"><a href=\"\/en\/cardiogal.ro\/confidentialitate\/\"><span style=\"color: #ffffff;\"><u>Privacy<\/u><\/span><\/a><\/p>\n<p>[\/et_pb_text][\/et_pb_column][et_pb_column type=&#8221;1_4&#8243; _builder_version=&#8221;4.16&#8243; _module_preset=&#8221;default&#8221; global_colors_info=&#8221;{}&#8221;][et_pb_text _builder_version=&#8221;4.19.2&#8243; _module_preset=&#8221;default&#8221; global_colors_info=&#8221;{}&#8221;]<\/p>\n<p style=\"text-align: center;\"><span style=\"text-decoration: underline;\"><span style=\"color: #ffffff;\"><a href=\"https:\/\/cardiogal.ro\/en\/termenisiconditii\/\" style=\"color: #ffffff; text-decoration: underline;\">General Terms and Conditions\u00a0<\/a><\/span><\/span><\/p>\n<p>[\/et_pb_text][\/et_pb_column][et_pb_column type=&#8221;1_4&#8243; _builder_version=&#8221;4.16&#8243; _module_preset=&#8221;default&#8221; global_colors_info=&#8221;{}&#8221;][et_pb_text _builder_version=&#8221;4.19.2&#8243; _module_preset=&#8221;default&#8221; global_colors_info=&#8221;{}&#8221;]<\/p>\n<p style=\"text-align: center;\"><span style=\"text-decoration: underline;\"><a href=\"\/en\/cardiogal.ro\/editii-anterioare\/\"><span style=\"color: #ffffff;\">Previous editions<\/span><\/a><\/span><\/p>\n<p>[\/et_pb_text][\/et_pb_column][\/et_pb_row][\/et_pb_section]<\/p>","protected":false},"excerpt":{"rendered":"<p>Informa\u021bii Generale1.\u00a0 Comunicare Limba oficial\u0103 a Conferin\u021bei \u0219i cursurilor aferente este rom\u00e2na. Website-ul evenimentului, www.cardiogal.ro, reprezint\u0103 forma de comunicare oficial\u0103 cu participan\u021bii la manifestare, iar con\u021binutul acestuia este \u020bn permanent\u0103 actualizare. 2.\u00a0 \u00cenregistrare \u0219i plat\u0103 \u020anregistrarea se realizeaz\u0103 online pe website-ul evenimentului, iar plata taxelor de participare se face online prin card bancar\u00a0\u020bn contul operatorului [&hellip;]<\/p>","protected":false},"author":1,"featured_media":0,"parent":0,"menu_order":0,"comment_status":"closed","ping_status":"closed","template":"","meta":{"_et_pb_use_builder":"on","_et_pb_old_content":"","_et_gb_content_width":""},"_links":{"self":[{"href":"https:\/\/cardiogal.ro\/en\/wp-json\/wp\/v2\/pages\/30063"}],"collection":[{"href":"https:\/\/cardiogal.ro\/en\/wp-json\/wp\/v2\/pages"}],"about":[{"href":"https:\/\/cardiogal.ro\/en\/wp-json\/wp\/v2\/types\/page"}],"author":[{"embeddable":true,"href":"https:\/\/cardiogal.ro\/en\/wp-json\/wp\/v2\/users\/1"}],"replies":[{"embeddable":true,"href":"https:\/\/cardiogal.ro\/en\/wp-json\/wp\/v2\/comments?post=30063"}],"version-history":[{"count":7,"href":"https:\/\/cardiogal.ro\/en\/wp-json\/wp\/v2\/pages\/30063\/revisions"}],"predecessor-version":[{"id":30218,"href":"https:\/\/cardiogal.ro\/en\/wp-json\/wp\/v2\/pages\/30063\/revisions\/30218"}],"wp:attachment":[{"href":"https:\/\/cardiogal.ro\/en\/wp-json\/wp\/v2\/media?parent=30063"}],"curies":[{"name":"wp","href":"https:\/\/api.w.org\/{rel}","templated":true}]}}