{"id":30072,"date":"2025-07-08T14:22:40","date_gmt":"2025-07-08T12:22:40","guid":{"rendered":"https:\/\/cardiogal.ro\/?page_id=30072"},"modified":"2026-03-06T09:54:08","modified_gmt":"2026-03-06T07:54:08","slug":"inregistrare","status":"publish","type":"page","link":"https:\/\/cardiogal.ro\/en\/inregistrare\/","title":{"rendered":"Registration"},"content":{"rendered":"<p>[et_pb_section fb_built=&#8221;1&#8243; _builder_version=&#8221;4.19.2&#8243; custom_margin_tablet=&#8221;&#8221; custom_margin_phone=&#8221;30px||||false|false&#8221; custom_margin_last_edited=&#8221;on|phone&#8221; custom_padding=&#8221;0px||0px||false|false&#8221; global_colors_info=&#8221;{}&#8221;][et_pb_row _builder_version=&#8221;4.19.2&#8243; _module_preset=&#8221;default&#8221; background_color=&#8221;#c30538&#8243; width=&#8221;100%&#8221; max_width=&#8221;2074px&#8221; module_alignment=&#8221;center&#8221; custom_padding=&#8221;105px||46px||false|false&#8221; global_colors_info=&#8221;{}&#8221;][et_pb_column type=&#8221;4_4&#8243; _builder_version=&#8221;4.19.2&#8243; _module_preset=&#8221;default&#8221; global_colors_info=&#8221;{}&#8221;][et_pb_text _builder_version=&#8221;4.19.2&#8243; _module_preset=&#8221;default&#8221; text_font_size=&#8221;70px&#8221; text_line_height=&#8221;1.1em&#8221; header_font_size=&#8221;8px&#8221; global_colors_info=&#8221;{}&#8221;]<\/p>\n<p style=\"text-align: center;\"><span style=\"color: #ffffff;\">Registration<\/span><\/p>\n<p>[\/et_pb_text][\/et_pb_column][\/et_pb_row][\/et_pb_section][et_pb_section fb_built=&#8221;1&#8243; _builder_version=&#8221;4.19.2&#8243; background_color=&#8221;#f8f7f2&#8243; custom_margin=&#8221;0px||||false|false&#8221; custom_margin_tablet=&#8221;&#8221; custom_margin_phone=&#8221;30px||||false|false&#8221; custom_margin_last_edited=&#8221;on|phone&#8221; custom_padding=&#8221;0px||||false|false&#8221; top_divider_style=&#8221;ramp2&#8243; top_divider_color=&#8221;#c30538&#8243; top_divider_height=&#8221;81px&#8221; global_colors_info=&#8221;{}&#8221;][et_pb_row _builder_version=&#8221;4.19.2&#8243; _module_preset=&#8221;default&#8221; width=&#8221;92%&#8221; max_width=&#8221;1161px&#8221; module_alignment=&#8221;center&#8221; custom_margin=&#8221;0px|auto||auto|false|false&#8221; custom_margin_tablet=&#8221;&#8221; custom_margin_phone=&#8221;-36px|15px||15px|false|false&#8221; custom_margin_last_edited=&#8221;on|phone&#8221; custom_padding=&#8221;0px||||false|false&#8221; animation_style=&#8221;fade&#8221; border_radii=&#8221;on|5px|5px|5px|5px&#8221; global_colors_info=&#8221;{}&#8221;][et_pb_column type=&#8221;4_4&#8243; _builder_version=&#8221;4.19.2&#8243; _module_preset=&#8221;default&#8221; global_colors_info=&#8221;{}&#8221;][et_pb_text _builder_version=&#8221;4.19.2&#8243; _module_preset=&#8221;default&#8221; text_font=&#8221;Inter Tight||||||||&#8221; custom_margin=&#8221;91px||||false|false&#8221; custom_padding=&#8221;20px|25px|10px|25px|false|false&#8221; header_4_font_size_tablet=&#8221;&#8221; header_4_font_size_phone=&#8221;18px&#8221; header_4_font_size_last_edited=&#8221;on|phone&#8221; global_colors_info=&#8221;{}&#8221;]<\/p>\n<h4 class=\"et_pb_module_header\" style=\"text-align: left;\"><span style=\"color: #c30538;\"><strong>Taxa de participare include:<\/strong><\/span><\/h4>\n<p>&nbsp;<\/p>\n<div>\n<ul>\n<li><span><\/span>Accesul FIZIC \u0219i ONLINE la \u00eentregul program \u0219tiin\u021bific al evenimentului;<\/li>\n<li>Oportunit\u0103\u021bi de rela\u021bionare \u00een persoan\u0103 la fa\u021ba locului cu colegii \u0219i lectorii;<\/li>\n<li>Accesul la expozi\u021bia medical\u0103 \u0219i la simpozioanele satelit ale industriei pharma;<\/li>\n<li>Mapa de participant cu materialele evenimentului pentru participan\u021bii \u00een persoan\u0103;<\/li>\n<li>Programul final \u020bn format tip\u0103rit (pentru participan\u021bii \u00een persoan\u0103) \u0219i online pdf de pe website-ul evenimentului;<\/li>\n<li>Volumul de rezumate \u020bn format online pdf de pe site-ul manifest\u0103rii;<\/li>\n<li>Certificatele de participare \/ absolvire cu credite EMC pe baza prezen\u021bei la lucr\u0103ri.<\/li>\n<\/ul>\n<p>Participan\u021bii care vor efectua \u00eenregistrarea dup\u0103 data de 15 Mai 2026 nu vor mai putea primi materiale de eveniment \u00een format fizic.<\/p>\n<p>Taxele de participare mai \u00eenainte men\u021bionate includ TVA. Studen\u021bii pot participa gratuit pe baza \u00eenregistr\u0103rii la secretariatul manifest\u0103rii.<\/p>\n<\/div>\n<p>[\/et_pb_text][\/et_pb_column][\/et_pb_row][et_pb_row column_structure=&#8221;1_2,1_2&#8243; disabled_on=&#8221;off|off|off&#8221; _builder_version=&#8221;4.19.2&#8243; _module_preset=&#8221;default&#8221; global_colors_info=&#8221;{}&#8221;][et_pb_column type=&#8221;1_2&#8243; _builder_version=&#8221;4.19.2&#8243; _module_preset=&#8221;default&#8221; global_colors_info=&#8221;{}&#8221;][et_pb_image src=&#8221;https:\/\/cardiogal.ro\/wp-content\/uploads\/2026\/03\/Curs-RM-Cardiogal-10.png&#8221; title_text=&#8221;Curs RM Cardiogal (10)&#8221; _builder_version=&#8221;4.19.2&#8243; _module_preset=&#8221;default&#8221; max_width=&#8221;71%&#8221; module_alignment=&#8221;center&#8221; hover_enabled=&#8221;0&#8243; border_radii=&#8221;on|22px|22px|22px|22px&#8221; box_shadow_style=&#8221;preset3&#8243; box_shadow_horizontal=&#8221;-14px&#8221; box_shadow_vertical=&#8221;19px&#8221; box_shadow_blur=&#8221;26px&#8221; box_shadow_spread=&#8221;3px&#8221; global_colors_info=&#8221;{}&#8221; sticky_enabled=&#8221;0&#8243;][\/et_pb_image][\/et_pb_column][et_pb_column type=&#8221;1_2&#8243; _builder_version=&#8221;4.19.2&#8243; _module_preset=&#8221;default&#8221; global_colors_info=&#8221;{}&#8221;][et_pb_text _builder_version=&#8221;4.19.2&#8243; _module_preset=&#8221;default&#8221; custom_margin=&#8221;||20px||false|false&#8221; custom_margin_tablet=&#8221;||20px||false|false&#8221; custom_margin_phone=&#8221;43px||||false|false&#8221; custom_margin_last_edited=&#8221;on|phone&#8221; global_colors_info=&#8221;{}&#8221;]<\/p>\n<h4><strong>Curs Pre-Conferin\u021b\u0103 \u00een cadrul Cardiogal 2026<\/strong><\/h4>\n<p>&#8222;Cum s\u0103 privim o examinare \u0219i ce s\u0103 a\u0219tept\u0103m de la raportul Cardio-RM?&#8221;<\/p>\n<p>[\/et_pb_text][et_pb_toggle title=&#8221;Vezi temele abordate \u00een cadrul Cursului &#8221; closed_toggle_background_color=&#8221;#FFFFFF&#8221; _builder_version=&#8221;4.19.2&#8243; _module_preset=&#8221;default&#8221; border_radii=&#8221;on|28px|28px|28px|28px&#8221; global_colors_info=&#8221;{}&#8221;]<\/p>\n<p><strong>Partea 1<\/strong><\/p>\n<ul>\n<li>No\u021biuni de baz\u0103 de fizic\u0103 a rezonan\u021bei magnetice \u2013 <strong><em>R\u0103zvan Cap\u0219a\u00a0<\/em><\/strong><\/li>\n<li>Cuantificarea volumelor \u0219i frac\u021biilor de ejec\u021bie biventriculare \u2013 <strong><em>Raul Cinca\u00a0<\/em><\/strong><\/li>\n<li>Caracterizarea tisular\u0103 &#8211; protocolul standard CardioRM \u2013 <em><strong>Sebastian Onciul<\/strong><\/em><\/li>\n<li>CardioRM pentru evaluarea viabilit\u0103\u021bii \u0219i ischemiei miocardice \u2013 <em><strong>Raluca Tomoaia<\/strong><\/em><\/li>\n<li>CardioRM \u2013 siguran\u021b\u0103 \u0219i contraindica\u021bii \u2013 <em><strong>Mihnea B\u0103il\u0103\u00a0<\/strong><\/em><\/li>\n<\/ul>\n<p><strong>Partea 2<\/strong><\/p>\n<ul>\n<li>Miocardita \u2013 <em><strong>Oana Munteanu<\/strong><\/em><\/li>\n<li>Cardiomiopatie hipertrofic\u0103 \u2013 <em><strong>Claudia Totorean<\/strong><\/em><\/li>\n<li>Cardiomiopatie infiltrativ\u0103 \u2013 <strong><em>Robert Adam<\/em><\/strong><\/li>\n<li>Cardiomiopatia dilatativ\u0103 \u0219i non-dilatativ\u0103 a ventriculului st\u00e2ng &#8211; <em><strong>Carina Ureche<\/strong><\/em><\/li>\n<li>Cardiomiopatia aritmogen\u0103 a ventriculului drept \u2013 <em><strong>Sebastian Militaru<\/strong><\/em><\/li>\n<li>Sfaturi pentru a evita o examinare CardioRM de proast\u0103 calitate \u2013 <em><strong>R\u0103zvan Cap\u0219a<\/strong><\/em><\/li>\n<\/ul>\n<p>[\/et_pb_toggle][et_pb_text _builder_version=&#8221;4.19.2&#8243; _module_preset=&#8221;default&#8221; custom_margin=&#8221;21px||6px||false|false&#8221; global_colors_info=&#8221;{}&#8221;]<\/p>\n<p><span style=\"color: #c51f40;\"><strong>Tax\u0103 de participare<\/strong><\/span><\/p>\n<ul>\n<li>100 lei p\u00e2n\u0103 la 30 Aprilie 2026<\/li>\n<li>150 lei dup\u0103 30 Aprilie 2026<\/li>\n<\/ul>\n<p>[\/et_pb_text][et_pb_button button_url=&#8221;https:\/\/focusevent.ro\/produs\/curs-pre-conferinta-rm-cardiogal\/&#8221; url_new_window=&#8221;on&#8221; button_text=&#8221;M\u0103 \u00eenregistrez la Curs&#8221; _builder_version=&#8221;4.19.2&#8243; _module_preset=&#8221;default&#8221; custom_button=&#8221;on&#8221; button_border_radius=&#8221;24px&#8221; global_colors_info=&#8221;{}&#8221;][\/et_pb_button][et_pb_text _builder_version=&#8221;4.19.2&#8243; _module_preset=&#8221;default&#8221; custom_margin=&#8221;29px||||false|false&#8221; global_colors_info=&#8221;{}&#8221;]<\/p>\n<p><span>Conferin\u021ba Cardiogal 2026 este manifestarea stiin\u021bific\u0103 principal\u0103. <strong>\u00cenregistrarea \u015fi accesul la cursurile \u0219i workshop-urile<\/strong> din cadrul Cardiogal 2026 se realizeaz\u0103 doar cu \u020bnregistrarea prealabil\u0103 sau simultan\u0103 la <strong>Conferin\u021ba Cardiogal 2026.<\/strong><\/span><\/p>\n<p><span>Orice \u020bnregistrare la unul dintre cursuri care nu\u00a0 are ca \u020bnregistrare prealabil\u0103 sau simultan\u0103 \u020bnregistrarea la Conferinta Cardiogal 2026 va fi invalidat\u0103, f\u0103r\u0103 obligativitatea organizatorilor de returnare a taxelor achitate.<\/span><\/p>\n<p>[\/et_pb_text][\/et_pb_column][\/et_pb_row][et_pb_row _builder_version=&#8221;4.19.2&#8243; _module_preset=&#8221;default&#8221; width=&#8221;92%&#8221; max_width=&#8221;1161px&#8221; module_alignment=&#8221;center&#8221; custom_margin=&#8221;0px|auto||auto|false|false&#8221; custom_margin_tablet=&#8221;&#8221; custom_margin_phone=&#8221;-36px|15px||15px|false|false&#8221; custom_margin_last_edited=&#8221;on|phone&#8221; custom_padding=&#8221;0px||||false|false&#8221; animation_style=&#8221;fade&#8221; border_radii=&#8221;on|5px|5px|5px|5px&#8221; global_colors_info=&#8221;{}&#8221;][et_pb_column type=&#8221;4_4&#8243; _builder_version=&#8221;4.19.2&#8243; _module_preset=&#8221;default&#8221; global_colors_info=&#8221;{}&#8221;][dvmd_table_maker tbl_title_mode=&#8221;on&#8221; tbl_title_text=&#8221;Taxe de \u00cenregistrare la Conferin\u021ba Cardiogal 2026&#8243; tbl_button_text=&#8221;\u00cenregistrare&#8221; tbl_tcell_cell_align_horz=&#8221;center&#8221; tbl_tcell_cell_align_vert=&#8221;center&#8221; _builder_version=&#8221;4.19.2&#8243; _module_preset=&#8221;default&#8221; tbl_title_text_align=&#8221;center&#8221; custom_button=&#8221;on&#8221; button_border_radius=&#8221;100px&#8221; custom_margin=&#8221;56px||-30px||false|false&#8221; global_colors_info=&#8221;{}&#8221;][dvmd_table_maker_item col_content=&#8221;Taxe<br \/>\nP\u00e2n\u0103 la 15 Februarie 2026<br \/>\n16 Februarie 2026 &#8211; 1 Mai 2026<br \/>\nDup\u0103 1 Mai 2026&#8243; _builder_version=&#8221;4.19.2&#8243; _module_preset=&#8221;default&#8221; border_radii_col_tcell_cell_border=&#8221;on|4px|4px|4px|4px&#8221; global_colors_info=&#8221;{}&#8221;][\/dvmd_table_maker_item][dvmd_table_maker_item col_content=&#8221;Medic Primar \/ Specialist &#8211; Participare Onsite<br \/>\n250 lei<br \/>\n300 lei<br \/>\n400 lei<br \/>\n<button>&#8221; col_button_text=&#8221;\u00cenregistrare&#8221; col_button_url=&#8221;https:\/\/focusevent.ro\/?post_type=product&#038;p=46090&#038;attribute_selecteaza-categoria=MEDIC+PRIMAR%2FSPECIALIST+participare+onsite&#8221; col_tcell_cell_color=&#8221;#666666&#8243; _builder_version=&#8221;4.19.2&#8243; _module_preset=&#8221;default&#8221; col_tcell_text_text_color=&#8221;#FFFFFF&#8221; custom_button=&#8221;on&#8221; button_text_color=&#8221;#FFFFFF&#8221; border_radii_col_tcell_cell_border=&#8221;off||4px|4px|&#8221; global_colors_info=&#8221;{}&#8221;][\/dvmd_table_maker_item][dvmd_table_maker_item col_content=&#8221;Medic Rezident &#8211; Participare Onsite<br \/>\n150 lei<br \/>\n200 lei<br \/>\n250 lei<br \/>\n<button>&#8221; col_button_url=&#8221;https:\/\/focusevent.ro\/?post_type=product&#038;p=46090&#038;attribute_selecteaza-categoria=MEDIC+REZIDENT+participare+onsite&#8221; col_tcell_cell_color=&#8221;#666666&#8243; _builder_version=&#8221;4.19.2&#8243; _module_preset=&#8221;default&#8221; col_tcell_text_text_color=&#8221;#FFFFFF&#8221; custom_button=&#8221;on&#8221; button_text_color=&#8221;#FFFFFF&#8221; border_radii_col_tcell_cell_border=&#8221;off||4px|4px|&#8221; global_colors_info=&#8221;{}&#8221;][\/dvmd_table_maker_item][dvmd_table_maker_item col_content=&#8221;Medic Pensionar &#8211; Participare Onsite<br \/>\n200 lei<br \/>\n200 lei<br \/>\n200 lei<br \/>\n<button>&#8221; col_button_text=&#8221;\u00cenregistrare&#8221; col_button_url=&#8221;https:\/\/focusevent.ro\/?post_type=product&#038;p=46090&#038;attribute_selecteaza-categoria=MEDIC+PENSIONAR+participare+onsite&#8221; col_tcell_cell_color=&#8221;#666666&#8243; _builder_version=&#8221;4.19.2&#8243; _module_preset=&#8221;default&#8221; col_tcell_text_text_color=&#8221;#FFFFFF&#8221; custom_button=&#8221;on&#8221; button_text_color=&#8221;#FFFFFF&#8221; button_border_width=&#8221;2px&#8221; button_border_radius=&#8221;100px&#8221; border_radii_col_tcell_cell_border=&#8221;off||4px|4px|&#8221; global_colors_info=&#8221;{}&#8221;][\/dvmd_table_maker_item][dvmd_table_maker_item col_content=&#8221;Alte Categorii Profesionale &#8211; Participare Onsite (fizioterapeuti, psihologi, bioingineri, dieteticieni, asisten\u021bi medicali)<br \/>\n150 lei<br \/>\n200 lei<br \/>\n250 lei<br \/>\n<button>&#8221; col_button_url=&#8221;https:\/\/focusevent.ro\/?post_type=product&#038;p=46090&#038;attribute_selecteaza-categoria=ALTE+CATEGORII+PROFESIONALE%28FIZIOTERAPEUTI%2C+PSIHOLOGI%2C+BIOINGINERI%2C+DIETETICIENI%2C+ASISTENTI+MEDICALI%29+participare+onsite&#8221; col_tcell_cell_color=&#8221;#666666&#8243; _builder_version=&#8221;4.19.2&#8243; _module_preset=&#8221;default&#8221; col_tcell_text_text_color=&#8221;#FFFFFF&#8221; custom_button=&#8221;on&#8221; button_text_color=&#8221;#FFFFFF&#8221; border_radii_col_tcell_cell_border=&#8221;off||4px|4px|&#8221; global_colors_info=&#8221;{}&#8221;][\/dvmd_table_maker_item][dvmd_table_maker_item col_content=&#8221;Participare Online (medic primar \/ specialist, medic rezident, medic pensionar, fizioterapeuti, psihologi, bioingineri, dieteticieni, asisten\u021bi medicali)<br \/>\n200 lei<br \/>\n250 lei<br \/>\n300 lei<br \/>\n<button>&#8221; col_button_url=&#8221;https:\/\/focusevent.ro\/?post_type=product&#038;p=46090&#038;attribute_selecteaza-categoria=PARTICIPARE+ONLINE+%28medic+primar%2Fspecialist%2C+medic+rezident%2C+medic+pensionar%2C+alte+categorii%29&#8243; col_tcell_cell_color=&#8221;#666666&#8243; _builder_version=&#8221;4.19.2&#8243; _module_preset=&#8221;default&#8221; col_tcell_text_text_color=&#8221;#FFFFFF&#8221; custom_button=&#8221;on&#8221; button_text_color=&#8221;#FFFFFF&#8221; border_radii_col_tcell_cell_border=&#8221;off||4px|4px|&#8221; global_colors_info=&#8221;{}&#8221;][\/dvmd_table_maker_item][\/dvmd_table_maker][et_pb_text _builder_version=&#8221;4.19.2&#8243; _module_preset=&#8221;default&#8221; text_font=&#8221;Inter Tight||||||||&#8221; custom_margin=&#8221;91px||||false|false&#8221; custom_padding=&#8221;20px|25px|10px|25px|false|false&#8221; header_4_font_size_tablet=&#8221;&#8221; header_4_font_size_phone=&#8221;18px&#8221; header_4_font_size_last_edited=&#8221;on|phone&#8221; global_colors_info=&#8221;{}&#8221;]<\/p>\n<h4 class=\"et_pb_module_header\" style=\"text-align: left;\"><span style=\"color: #c30538;\"><strong>Condi\u021bii de \u00eenregistrare<\/strong><\/span><\/h4>\n<p><span>Conferin\u021ba Cardiogal 2026 este accesibil\u0103 numai profesioni\u0219tilor din domeniul s\u0103n\u0103t\u0103\u021bii, reprezentan\u021bilor industriei s\u0103n\u0103t\u0103\u021bii \u0219i altor p\u0103r\u021bi interesate implicate \u00een \u0219tiin\u021ba, managementul \u0219i prevenirea bolilor cardiovasculare. Ter\u0163ii care nu fac parte din domeniul s\u0103n\u0103t\u0103\u021bii nu vor putea accesa zona Congresului.<\/span><\/p>\n<p><span><\/span><\/p>\n<p><span><\/span><\/p>\n<h4 class=\"et_pb_module_header\" style=\"text-align: left;\"><span style=\"color: #c30538;\"><strong>Condi\u021bii generale \u0219i de plat\u0103<\/strong><\/span><\/h4>\n<div>\n<ul>\n<li>Toate taxele de \u00eenregistrare sunt exprimate \u00een RON \u0219i includ 21% TVA.\u00a0 Facturile vor fi realizate \u0219i transmise \u00een mod automat pe adresa de email folosit\u0103 la \u00eenregistrare \u00een conformitate cu informa\u0163iile transmise de c\u0103tre registrant \u00een formularul de \u00eenregistrare, iar organizatorii nu-\u0219i asum\u0103 responsabilitatea pentru corectitudinea acestora.<\/li>\n<li>De asemenea, facturile sunt transmise automat \u00een sistemul informatic e-factura, \u00een conformitate cu reglement\u0103rile in vigoare, astfel c\u0103 este important ca datele introduse pentru facturare s\u0103 fie corecte. Facturile pe persoana juridic\u0103 se realizeaz\u0103 \u0219i se transmit, de asemenea, \u00een mod automat pe baza informa\u0163iilor introduse de registrant \u00een\u00a0 sec\u0163iunea dedicat\u0103 a formularului de \u00eenregistrare.<\/li>\n<li>Plata se realizeaza online cu cardul bancar si se face prin serviciile online de pe serverul nostru securizat. Din motive de securitate, \u00een niciun caz detaliile cardului de credit nu trebuie trimise prin e-mail sau fax. \u00cen cazul pl\u0103\u021bilor suplimentare pentru comenzi suplimentare sau ajust\u0103ri, un link de plat\u0103 securizat va fi trimis prin e-mail. Nu se accept\u0103 plata prin transfer bancar sau cec.<\/li>\n<\/ul>\n<h2 class=\"et_pb_module_header\"><\/h2>\n<p>&nbsp;<\/p>\n<h4 class=\"et_pb_module_header\" style=\"text-align: left;\"><span style=\"color: #c30538;\"><strong>Condi\u021bii generale \u0219i de plat\u0103<\/strong><\/span><\/h4>\n<div>\n<ul>\n<li><strong>Anulare<\/strong><br \/>Orice anulare sau modificare a \u00eenregistr\u0103rii dumneavoastr\u0103 trebuie s\u0103 fie notificat\u0103 \u00een scris \u0219i va fi supus\u0103 urm\u0103toarelor condi\u021bii:<\/li>\n<\/ul>\n<p>P\u00e2n\u0103 la 1 aprilie 2026: rambursarea taxei minus 30% taxa administrativ\u0103.<br \/>Dupa 1 aprilie 2026 nu este posibil\u0103 nici o rambursare.<\/p>\n<p>&nbsp;<\/p>\n<ul>\n<li><strong>Schimb\u0103ri de nume<\/strong><br \/>V\u0103 rug\u0103m s\u0103 re\u021bine\u021bi c\u0103 nu sunt posibile schimb\u0103ri de nume. Va trebui achizi\u021bionat\u0103 o nou\u0103 \u00eenregistrare.<\/li>\n<\/ul>\n<\/div>\n<\/div>\n<p>[\/et_pb_text][\/et_pb_column][\/et_pb_row][\/et_pb_section][et_pb_section fb_built=&#8221;1&#8243; disabled_on=&#8221;off|off|off&#8221; _builder_version=&#8221;4.19.2&#8243; background_color=&#8221;#2b2b2b&#8221; custom_margin=&#8221;||0px||false|false&#8221; custom_padding=&#8221;10px||0px||false|false&#8221; global_module=&#8221;25778&#8243; saved_tabs=&#8221;all&#8221; global_colors_info=&#8221;{}&#8221;][et_pb_row _builder_version=&#8221;4.16&#8243; _module_preset=&#8221;default&#8221; custom_padding=&#8221;0px||0px||false|false&#8221; global_colors_info=&#8221;{}&#8221;][et_pb_column type=&#8221;4_4&#8243; _builder_version=&#8221;4.16&#8243; _module_preset=&#8221;default&#8221; global_colors_info=&#8221;{}&#8221;][et_pb_text _builder_version=&#8221;4.16&#8243; _module_preset=&#8221;default&#8221; custom_margin=&#8221;||0px||false|false&#8221; global_colors_info=&#8221;{}&#8221;]<\/p>\n<p style=\"text-align: center;\"><span style=\"color: #ffffff;\"><strong>PROFESSIONAL CONGRESS ORGANIZER<\/strong><\/span><\/p>\n<p>[\/et_pb_text][et_pb_image src=&#8221;https:\/\/cardiogal.ro\/wp-content\/uploads\/2022\/12\/ZSCR-2023-telefon-1-e1668249163180.png&#8221; title_text=&#8221;ZSCR 2023 telefon (1)&#8221; url=&#8221;https:\/\/focusevent.ro\/&#8221; align=&#8221;center&#8221; _builder_version=&#8221;4.19.2&#8243; _module_preset=&#8221;default&#8221; custom_margin=&#8221;0px||||false|false&#8221; global_colors_info=&#8221;{}&#8221;][\/et_pb_image][\/et_pb_column][\/et_pb_row][et_pb_row column_structure=&#8221;1_4,1_4,1_4,1_4&#8243; _builder_version=&#8221;4.16&#8243; _module_preset=&#8221;default&#8221; global_colors_info=&#8221;{}&#8221;][et_pb_column type=&#8221;1_4&#8243; _builder_version=&#8221;4.16&#8243; _module_preset=&#8221;default&#8221; global_colors_info=&#8221;{}&#8221;][et_pb_text _builder_version=&#8221;4.19.2&#8243; _module_preset=&#8221;default&#8221; link_option_url=&#8221;https:\/\/focusevent.ro\/contact\/&#8221; global_colors_info=&#8221;{}&#8221;]<\/p>\n<p style=\"text-align: center;\"><span style=\"text-decoration: underline;\"><span style=\"color: #ffffff;\"><a href=\"https:\/\/focusevent.ro\/contact\/\" style=\"color: #ffffff; text-decoration: underline;\">\u00a0Contact\u00a0<\/a><\/span><\/span><\/p>\n<p>[\/et_pb_text][\/et_pb_column][et_pb_column type=&#8221;1_4&#8243; _builder_version=&#8221;4.16&#8243; _module_preset=&#8221;default&#8221; global_colors_info=&#8221;{}&#8221;][et_pb_text _builder_version=&#8221;4.19.2&#8243; _module_preset=&#8221;default&#8221; global_colors_info=&#8221;{}&#8221;]<\/p>\n<p style=\"text-align: center;\"><a href=\"\/en\/cardiogal.ro\/confidentialitate\/\"><span style=\"color: #ffffff;\"><u>Privacy<\/u><\/span><\/a><\/p>\n<p>[\/et_pb_text][\/et_pb_column][et_pb_column type=&#8221;1_4&#8243; _builder_version=&#8221;4.16&#8243; _module_preset=&#8221;default&#8221; global_colors_info=&#8221;{}&#8221;][et_pb_text _builder_version=&#8221;4.19.2&#8243; _module_preset=&#8221;default&#8221; global_colors_info=&#8221;{}&#8221;]<\/p>\n<p style=\"text-align: center;\"><span style=\"text-decoration: underline;\"><span style=\"color: #ffffff;\"><a href=\"https:\/\/cardiogal.ro\/en\/termenisiconditii\/\" style=\"color: #ffffff; text-decoration: underline;\">General Terms and Conditions\u00a0<\/a><\/span><\/span><\/p>\n<p>[\/et_pb_text][\/et_pb_column][et_pb_column type=&#8221;1_4&#8243; _builder_version=&#8221;4.16&#8243; _module_preset=&#8221;default&#8221; global_colors_info=&#8221;{}&#8221;][et_pb_text _builder_version=&#8221;4.19.2&#8243; _module_preset=&#8221;default&#8221; global_colors_info=&#8221;{}&#8221;]<\/p>\n<p style=\"text-align: center;\"><span style=\"text-decoration: underline;\"><a href=\"\/en\/cardiogal.ro\/editii-anterioare\/\"><span style=\"color: #ffffff;\">Previous editions<\/span><\/a><\/span><\/p>\n<p>[\/et_pb_text][\/et_pb_column][\/et_pb_row][\/et_pb_section]<\/p>","protected":false},"excerpt":{"rendered":"<p>\u00cenregistrareTaxa de participare include: &nbsp; Accesul FIZIC \u0219i ONLINE la \u00eentregul program \u0219tiin\u021bific al evenimentului; Oportunit\u0103\u021bi de rela\u021bionare \u00een persoan\u0103 la fa\u021ba locului cu colegii \u0219i lectorii; Accesul la expozi\u021bia medical\u0103 \u0219i la simpozioanele satelit ale industriei pharma; Mapa de participant cu materialele evenimentului pentru participan\u021bii \u00een persoan\u0103; Programul final \u020bn format tip\u0103rit (pentru participan\u021bii [&hellip;]<\/p>","protected":false},"author":1,"featured_media":0,"parent":0,"menu_order":0,"comment_status":"closed","ping_status":"closed","template":"","meta":{"_et_pb_use_builder":"on","_et_pb_old_content":"","_et_gb_content_width":""},"_links":{"self":[{"href":"https:\/\/cardiogal.ro\/en\/wp-json\/wp\/v2\/pages\/30072"}],"collection":[{"href":"https:\/\/cardiogal.ro\/en\/wp-json\/wp\/v2\/pages"}],"about":[{"href":"https:\/\/cardiogal.ro\/en\/wp-json\/wp\/v2\/types\/page"}],"author":[{"embeddable":true,"href":"https:\/\/cardiogal.ro\/en\/wp-json\/wp\/v2\/users\/1"}],"replies":[{"embeddable":true,"href":"https:\/\/cardiogal.ro\/en\/wp-json\/wp\/v2\/comments?post=30072"}],"version-history":[{"count":28,"href":"https:\/\/cardiogal.ro\/en\/wp-json\/wp\/v2\/pages\/30072\/revisions"}],"predecessor-version":[{"id":30365,"href":"https:\/\/cardiogal.ro\/en\/wp-json\/wp\/v2\/pages\/30072\/revisions\/30365"}],"wp:attachment":[{"href":"https:\/\/cardiogal.ro\/en\/wp-json\/wp\/v2\/media?parent=30072"}],"curies":[{"name":"wp","href":"https:\/\/api.w.org\/{rel}","templated":true}]}}